{"id":1370,"date":"2016-11-17T09:48:08","date_gmt":"2016-11-17T09:48:08","guid":{"rendered":"http:\/\/wp.swlabs.co\/appexpo\/?page_id=1370"},"modified":"2025-04-01T08:52:19","modified_gmt":"2025-04-01T08:52:19","slug":"contact","status":"publish","type":"page","link":"https:\/\/naftoserv.com\/tr\/contact\/","title":{"rendered":"Bize Ula\u015f\u0131n"},"content":{"rendered":"<p>[vc_row full_width=&#8221;stretch_row&#8221; css=&#8221;.vc_custom_1479988140524{padding-top: 65px !important;padding-bottom: 45px !important;background-color: #ffffff !important;}&#8221;][vc_column css_animation=&#8221;fadeInDown&#8221; width=&#8221;1\/3&#8243;]<div class=\"slz_shortcode sc_icon_box icon_box-153253592769e741299ff43 \"><div class=\"row\"><div class=\"col-md-12\"><div class=\"slz-icon-box-1 icon-box-item-1  style-3\"><div class=\"icon-cell\">\r\n                            <div class=\"wrapper-icon\">\r\n                                <i class=\"slz-icon vc_li vc_li-mail\"><\/i>\r\n\t\t\t\t\t\t\t\t\r\n                            <\/div>\r\n                        <\/div>\r\n\t\t\t\t\t<div class=\"content-cell\">\r\n\t\t\t\t\t\t<div class=\"wrapper-info\">\r\n\t\t\t\t<div class=\"title icon_box_title-1\">E-posta<\/div><div class=\"description icon_box_description-1\">gm@naftoserv.com<\/div>\r\n\t\t\t\t\t\t<\/div>\r\n\t\t\t\t\t<\/div>\r\n\t\t\t\t<\/div><\/div><\/div><\/div>[vc_empty_space height=&#8221;40px&#8221;][\/vc_column][vc_column css_animation=&#8221;fadeInDown&#8221; width=&#8221;1\/3&#8243;]<div class=\"slz_shortcode sc_icon_box icon_box-99868778869e74129a0120 \"><div class=\"row\"><div class=\"col-md-12\"><div class=\"slz-icon-box-1 icon-box-item-1  style-3\"><div class=\"icon-cell\">\r\n                            <div class=\"wrapper-icon\">\r\n                                <i class=\"slz-icon vc_li vc_li-phone\"><\/i>\r\n\t\t\t\t\t\t\t\t\r\n                            <\/div>\r\n                        <\/div>\r\n\t\t\t\t\t<div class=\"content-cell\">\r\n\t\t\t\t\t\t<div class=\"wrapper-info\">\r\n\t\t\t\t<div class=\"title icon_box_title-1\">Telefon<\/div><div class=\"description icon_box_description-1\">+90 (536) 0548728<\/div>\r\n\t\t\t\t\t\t<\/div>\r\n\t\t\t\t\t<\/div>\r\n\t\t\t\t<\/div><\/div><\/div><\/div>[vc_empty_space height=&#8221;40px&#8221;][\/vc_column][vc_column css_animation=&#8221;fadeInDown&#8221; width=&#8221;1\/3&#8243;]<div class=\"slz_shortcode sc_icon_box icon_box-60716744469e74129a02c0 \"><div class=\"row\"><div class=\"col-md-12\"><div class=\"slz-icon-box-1 icon-box-item-1  style-3\"><div class=\"icon-cell\">\r\n                            <div class=\"wrapper-icon\">\r\n                                <i class=\"slz-icon vc_li vc_li-world\"><\/i>\r\n\t\t\t\t\t\t\t\t\r\n                            <\/div>\r\n                        <\/div>\r\n\t\t\t\t\t<div class=\"content-cell\">\r\n\t\t\t\t\t\t<div class=\"wrapper-info\">\r\n\t\t\t\t<div class=\"title icon_box_title-1\">Adres<\/div><div class=\"description icon_box_description-1\">Atakent Mah. 219. SK. Bosphorus City G\u00f6l Kule No: 1 - 63\/112. K\u00fc\u00e7\u00fck\u00e7ekmece \/ ISTANBUL \/ TURKEY<\/div>\r\n\t\t\t\t\t\t<\/div>\r\n\t\t\t\t\t<\/div>\r\n\t\t\t\t<\/div><\/div><\/div><\/div>[vc_empty_space height=&#8221;40px&#8221;][\/vc_column][\/vc_row][vc_row full_width=&#8221;stretch_row_content_no_spaces&#8221; equal_height=&#8221;yes&#8221; css=&#8221;.vc_custom_1480069089252{padding-top: 0px !important;padding-bottom: 0px !important;background-color: #fafcff !important;}&#8221;][vc_column width=&#8221;1\/3&#8243; css=&#8221;.vc_custom_1477637654389{background-color: #fcfcfc !important;}&#8221;][vc_single_image image=&#8221;2807&#8243; img_size=&#8221;full&#8221; alignment=&#8221;right&#8221;][\/vc_column][vc_column width=&#8221;2\/3&#8243; css=&#8221;.vc_custom_1479385929772{padding-top: 100px !important;padding-right: 10% !important;padding-bottom: 80px !important;padding-left: 5% !important;background-color: #fcfcfc !important;}&#8221;]<div class=\"slz-shortcode sc_main_title main-title-36421900669e74129a0486   style-2  text-c \">\r\n\t<div class=\"slz-main-title\">\r\n\t\t<img width=\"20\" height=\"18\" src=\"https:\/\/naftoserv.com\/wp-content\/uploads\/2016\/11\/main-title-icon.png\" class=\"attachment-full size-full\" alt=\"\" decoding=\"async\" loading=\"lazy\" \/>\t\t\t\t\t<h2 class=\"title\">temasta olmak\t\t\t\t\t\t<\/h2>\r\n\t\t\t\t\t<\/div>\r\n<\/div>\r\n\r\n\n<div class=\"wpcf7 no-js\" id=\"wpcf7-f2578-o2\" lang=\"en-US\" dir=\"ltr\">\n<div class=\"screen-reader-response\"><p role=\"status\" aria-live=\"polite\" aria-atomic=\"true\"><\/p> <ul><\/ul><\/div>\n<form action=\"\/tr\/wp-json\/wp\/v2\/pages\/1370#wpcf7-f2578-o2\" method=\"post\" class=\"wpcf7-form init\" aria-label=\"Contact form\" novalidate=\"novalidate\" data-status=\"init\">\n<div style=\"display: none;\">\n<input type=\"hidden\" name=\"_wpcf7\" value=\"2578\" \/>\n<input type=\"hidden\" name=\"_wpcf7_version\" value=\"5.8\" \/>\n<input type=\"hidden\" name=\"_wpcf7_locale\" value=\"en_US\" \/>\n<input type=\"hidden\" name=\"_wpcf7_unit_tag\" value=\"wpcf7-f2578-o2\" \/>\n<input type=\"hidden\" name=\"_wpcf7_container_post\" value=\"0\" \/>\n<input type=\"hidden\" name=\"_wpcf7_posted_data_hash\" value=\"\" \/>\n<\/div>\n<div class=\"cf7-form-control left\">\n\t<p><span class=\"wpcf7-form-control-wrap\" data-name=\"your-name\"><input size=\"40\" class=\"wpcf7-form-control wpcf7-text wpcf7-validates-as-required\" aria-required=\"true\" aria-invalid=\"false\" placeholder=\"Ad\u0131n\u0131z\u0131 yaz\u0131n\" value=\"\" type=\"text\" name=\"your-name\" \/><\/span><i class=\"fa fa-user\" aria-hidden=\"true\"><\/i>\n\t<\/p>\n<\/div>\n<div class=\"cf7-form-control right\">\n\t<p><span class=\"wpcf7-form-control-wrap\" data-name=\"your-email\"><input size=\"40\" class=\"wpcf7-form-control wpcf7-email wpcf7-validates-as-required wpcf7-text wpcf7-validates-as-email\" aria-required=\"true\" aria-invalid=\"false\" placeholder=\"E-postan\u0131z\u0131 yaz\u0131n\" value=\"\" type=\"email\" name=\"your-email\" \/><\/span><i class=\"fa fa-envelope\" aria-hidden=\"true\"><\/i>\n\t<\/p>\n<\/div>\n<div class=\"cf7-form-control\">\n\t<p><span class=\"wpcf7-form-control-wrap\" data-name=\"your-subject\"><input size=\"40\" class=\"wpcf7-form-control wpcf7-text\" aria-invalid=\"false\" placeholder=\"Konunuzu yaz\u0131n\" value=\"\" type=\"text\" name=\"your-subject\" \/><\/span><i class=\"fa fa-bookmark\" aria-hidden=\"true\"><\/i>\n\t<\/p>\n<\/div>\n<div class=\"cf7-form-control textarea\">\n\t<p><span class=\"wpcf7-form-control-wrap\" data-name=\"your-message\"><textarea cols=\"40\" rows=\"10\" class=\"wpcf7-form-control wpcf7-textarea\" aria-invalid=\"false\" placeholder=\"Mesaj\u0131n\u0131z\u0131 yaz\u0131n\" name=\"your-message\"><\/textarea><\/span><i class=\"fa fa-file\" aria-hidden=\"true\"><\/i>\n\t<\/p>\n<\/div>\n<div class=\"cf7-btn-submit-wrapper\">\n\t<div class=\"cf7-btn-submit\">\n\t\t<p><input class=\"wpcf7-form-control wpcf7-submit has-spinner\" type=\"submit\" value=\"mesaj\u0131 g\u00f6nder\" \/>\n\t\t<\/p>\n\t<\/div>\n<\/div><div class=\"wpcf7-response-output\" aria-hidden=\"true\"><\/div>\n<\/form>\n<\/div>\n[\/vc_column][\/vc_row][vc_row full_width=&#8221;stretch_row_content_no_spaces&#8221; css=&#8221;.vc_custom_1480333731701{padding-top: 100px !important;background-color: #fcfcfc !important;}&#8221;][vc_column]<div class=\"slz-map-01 slz-shortcode sc_map sc-map-9300905569e74129a3d8b  \">\r\n    <div id=\"map-01\" data-json='{\"zoom\":14,\"address\":[\"Turkey - Istanbul\"],\"main_color\":\"\",\"marker\":false}' data-zoom=\"14\" data-key=\"AIzaSyCZ9qvJ9lsEkaMUJcouFtRhgzkgyp2RMlM\">\r\n        <div class=\"theme-config\" data-color='[{\"featureType\":\"all\",\"elementType\":\"labels.icon\",\"stylers\":[{\"visibility\":\"off\"}]},{\"featureType\":\"administrative\",\"elementType\":\"all\",\"stylers\":[{\"visibility\":\"simplified\"}]},{\"featureType\":\"landscape\",\"elementType\":\"geometry\",\"stylers\":[{\"visibility\":\"simplified\"},{\"color\":\"#fcfcfc\"}]},{\"featureType\":\"poi\",\"elementType\":\"geometry\",\"stylers\":[{\"visibility\":\"simplified\"},{\"color\":\"#fcfcfc\"}]},{\"featureType\":\"road.highway\",\"elementType\":\"geometry\",\"stylers\":[{\"visibility\":\"simplified\"},{\"color\":\"#dddddd\"}]},{\"featureType\":\"road.arterial\",\"elementType\":\"geometry\",\"stylers\":[{\"visibility\":\"simplified\"},{\"color\":\"#dddddd\"}]},{\"featureType\":\"road.local\",\"elementType\":\"geometry\",\"stylers\":[{\"visibility\":\"simplified\"},{\"color\":\"#eeeeee\"}]},{\"featureType\":\"water\",\"elementType\":\"geometry\",\"stylers\":[{\"visibility\":\"simplified\"},{\"color\":\"#dddddd\"}]}]'>\r\n   \t\t<\/div>\r\n    <\/div>\r\n    \t    <div class=\"container map-block-info\">\r\n\t        <div class=\"office-wrapper float-r\">\r\n\t            <div class=\"office-list mCustomScrollbar\">\r\n\t               <div class=\"office\"><div class=\"office-name\">Merkez ofis<\/div> <div class=\"office-contact\"><div class=\"item\"><i class=\"icons fa fa fa-map-marker\">\r\n\t\t    \t\t\t\t<\/i><p class=\"text\">Turkey - Istanbul<\/p>\r\n                        <\/div><div class=\"item\"><i class=\"icons fa fa fa-phone\"><\/i><p class=\"text\">+90(536)0548728<\/p>\r\n                                <\/div><\/div><\/div>\t            <\/div>\r\n\t        <\/div>\r\n\t    <\/div>\r\n\t<\/div>\r\n\r\n[\/vc_column][\/vc_row]<\/p>","protected":false},"excerpt":{"rendered":"<p>[vc_row full_width=&#8221;stretch_row&#8221; css=&#8221;.vc_custom_1479988140524{padding-top: 65px !important;padding-bottom: 45px !important;background-color: #ffffff !important;}&#8221;][vc_column css_animation=&#8221;fadeInDown&#8221; width=&#8221;1\/3&#8243;][vc_empty_space height=&#8221;40px&#8221;][\/vc_column][vc_column css_animation=&#8221;fadeInDown&#8221; width=&#8221;1\/3&#8243;][vc_empty_space height=&#8221;40px&#8221;][\/vc_column][vc_column css_animation=&#8221;fadeInDown&#8221; width=&#8221;1\/3&#8243;][vc_empty_space height=&#8221;40px&#8221;][\/vc_column][\/vc_row][vc_row full_width=&#8221;stretch_row_content_no_spaces&#8221; equal_height=&#8221;yes&#8221; css=&#8221;.vc_custom_1480069089252{padding-top: 0px !important;padding-bottom: 0px !important;background-color: #fafcff !important;}&#8221;][vc_column width=&#8221;1\/3&#8243; css=&#8221;.vc_custom_1477637654389{background-color: #fcfcfc !important;}&#8221;][vc_single_image image=&#8221;2807&#8243; img_size=&#8221;full&#8221; alignment=&#8221;right&#8221;][\/vc_column][vc_column width=&#8221;2\/3&#8243; css=&#8221;.vc_custom_1479385929772{padding-top: 100px !important;padding-right: 10% !important;padding-bottom: 80px !important;padding-left: 5% !important;background-color: #fcfcfc !important;}&#8221;][\/vc_column][\/vc_row][vc_row full_width=&#8221;stretch_row_content_no_spaces&#8221; css=&#8221;.vc_custom_1480333731701{padding-top: 100px !important;background-color: #fcfcfc !important;}&#8221;][vc_column][\/vc_column][\/vc_row]<\/p>\n","protected":false},"author":1,"featured_media":0,"parent":0,"menu_order":0,"comment_status":"closed","ping_status":"closed","template":"","meta":{"om_disable_all_campaigns":false,"_monsterinsights_skip_tracking":false,"_monsterinsights_sitenote_active":false,"_monsterinsights_sitenote_note":"","_monsterinsights_sitenote_category":0,"footnotes":""},"aioseo_notices":[],"_links":{"self":[{"href":"https:\/\/naftoserv.com\/tr\/wp-json\/wp\/v2\/pages\/1370"}],"collection":[{"href":"https:\/\/naftoserv.com\/tr\/wp-json\/wp\/v2\/pages"}],"about":[{"href":"https:\/\/naftoserv.com\/tr\/wp-json\/wp\/v2\/types\/page"}],"author":[{"embeddable":true,"href":"https:\/\/naftoserv.com\/tr\/wp-json\/wp\/v2\/users\/1"}],"replies":[{"embeddable":true,"href":"https:\/\/naftoserv.com\/tr\/wp-json\/wp\/v2\/comments?post=1370"}],"version-history":[{"count":19,"href":"https:\/\/naftoserv.com\/tr\/wp-json\/wp\/v2\/pages\/1370\/revisions"}],"predecessor-version":[{"id":12724,"href":"https:\/\/naftoserv.com\/tr\/wp-json\/wp\/v2\/pages\/1370\/revisions\/12724"}],"wp:attachment":[{"href":"https:\/\/naftoserv.com\/tr\/wp-json\/wp\/v2\/media?parent=1370"}],"curies":[{"name":"wp","href":"https:\/\/api.w.org\/{rel}","templated":true}]}}