{"id":1725,"date":"2016-11-23T03:24:56","date_gmt":"2016-11-23T03:24:56","guid":{"rendered":"http:\/\/localhost\/wp\/?page_id=1725"},"modified":"2016-11-23T03:24:56","modified_gmt":"2016-11-23T03:24:56","slug":"services-2","status":"publish","type":"page","link":"https:\/\/naftoserv.com\/tr\/services-2\/","title":{"rendered":"Services 2"},"content":{"rendered":"<p>[vc_row css=&#8221;.vc_custom_1479870835931{padding-top: 100px !important;padding-bottom: 100px !important;}&#8221;][vc_column]<div class=\"slz-shortcode sc_main_title main-title-145099029269f3e7fedaf0e   style-2  text-c \">\r\n\t<div class=\"slz-main-title\">\r\n\t\t\t\t\t\t\t<h2 class=\"title\">Main Service\t\t\t\t\t\t<\/h2>\r\n\t\t\t\t\t<\/div>\r\n<\/div>\r\n\r\n<div class=\"slz-shortcode sc-service-list slz-list-block  slz-service-10353691969f3e7fedb34e seperator-style-2 slz-column-2\">\r\n        <div class=\"item\">\r\n            <div class=\"slz-icon-box-2 theme-style-2 \">\r\n                <div class=\"icon-cell \">\r\n                    <div class=\"wrapper-icon-image\"><img src=\"https:\/\/naftoserv.com\/wp-content\/uploads\/2016\/11\/service-icon-5-1.png\" class=\"slz-icon-img\" alt=\"\" \/><\/div>\r\n                <\/div>\r\n                <div class=\"content-cell\">\r\n                    <a class=\"title\" href=\"https:\/\/naftoserv.com\/tr\/service\/well-analysis\/\">Kuyu Analizi<\/a>\r\n                    <div class=\"wrapper-info\">\r\n                        \r\n                         <a href=\"https:\/\/naftoserv.com\/tr\/service\/well-analysis\/\" class=\"slz-btn\">\n                                                <span class=\"text\">Devam\u0131n\u0131 oku<\/span>\n                                                <span class=\"icons fa fa-angle-double-right\"><\/span>\n                                            <\/a>\r\n                    <\/div>\r\n                <\/div>\r\n            <\/div>\r\n        <\/div>\r\n    \r\n        <div class=\"item\">\r\n            <div class=\"slz-icon-box-2 theme-style-2 \">\r\n                <div class=\"icon-cell \">\r\n                    \r\n                <\/div>\r\n                <div class=\"content-cell\">\r\n                    <a class=\"title\" href=\"https:\/\/naftoserv.com\/tr\/service\/mud-motors-different-sizes\/\">\u00c7amur Motorlar\u0131 Farkl\u0131 Ebatlar<\/a>\r\n                    <div class=\"wrapper-info\">\r\n                        \r\n                         <a href=\"https:\/\/naftoserv.com\/tr\/service\/mud-motors-different-sizes\/\" class=\"slz-btn\">\n                                                <span class=\"text\">Devam\u0131n\u0131 oku<\/span>\n                                                <span class=\"icons fa fa-angle-double-right\"><\/span>\n                                            <\/a>\r\n                    <\/div>\r\n                <\/div>\r\n            <\/div>\r\n        <\/div>\r\n    \r\n        <div class=\"item\">\r\n            <div class=\"slz-icon-box-2 theme-style-2 \">\r\n                <div class=\"icon-cell \">\r\n                    \r\n                <\/div>\r\n                <div class=\"content-cell\">\r\n                    <a class=\"title\" href=\"https:\/\/naftoserv.com\/tr\/service\/machining-services\/\">\u0130\u015fleme Hizmetleri<\/a>\r\n                    <div class=\"wrapper-info\">\r\n                        \r\n                         <a href=\"https:\/\/naftoserv.com\/tr\/service\/machining-services\/\" class=\"slz-btn\">\n                                                <span class=\"text\">Devam\u0131n\u0131 oku<\/span>\n                                                <span class=\"icons fa fa-angle-double-right\"><\/span>\n                                            <\/a>\r\n                    <\/div>\r\n                <\/div>\r\n            <\/div>\r\n        <\/div>\r\n    \r\n        <div class=\"item\">\r\n            <div class=\"slz-icon-box-2 theme-style-2 \">\r\n                <div class=\"icon-cell \">\r\n                    <div class=\"wrapper-icon-image\"><img src=\"https:\/\/naftoserv.com\/wp-content\/uploads\/2016\/11\/service-icon-8-1.png\" class=\"slz-icon-img\" alt=\"\" \/><\/div>\r\n                <\/div>\r\n                <div class=\"content-cell\">\r\n                    <a class=\"title\" href=\"https:\/\/naftoserv.com\/tr\/service\/stabilizer-service\/\">(English) Stabilizer Services<\/a>\r\n                    <div class=\"wrapper-info\">\r\n                        <div class=\"description\">Naftoserv comp, offers wide range of drill stabilizer services including redressing, build-up and grinding down.<\/div>\r\n                         <a href=\"https:\/\/naftoserv.com\/tr\/service\/stabilizer-service\/\" class=\"slz-btn\">\n                                                <span class=\"text\">Devam\u0131n\u0131 oku<\/span>\n                                                <span class=\"icons fa fa-angle-double-right\"><\/span>\n                                            <\/a>\r\n                    <\/div>\r\n                <\/div>\r\n            <\/div>\r\n        <\/div>\r\n    <\/div>[\/vc_column][\/vc_row][vc_row full_width=&#8221;stretch_row&#8221; css=&#8221;.vc_custom_1479979110631{padding-top: 65px !important;padding-bottom: 100px !important;background: #0a1c27 url(http:\/\/localhost\/wp\/wp-content\/uploads\/2016\/11\/home3-bg.jpg?id=1836) !important;background-position: center !important;background-repeat: no-repeat !important;background-size: cover !important;}&#8221;][vc_column width=&#8221;1\/4&#8243;]<div class=\"slz_shortcode sc_counter counter-64969368169f3e7fedcfe4  \"><div class=\"slz-counter-item-1 counter-center\">\r\n        <div class=\"content-cell\">\r\n        <div data-from=\"0\" data-to=\"18348\" data-speed=\"3000\" class=\"number \">\r\n        \t18348        <\/div>\r\n                <div class=\"title\">Packages<\/div>\r\n    <\/div>\r\n<\/div><\/div>[\/vc_column][vc_column width=&#8221;1\/4&#8243;]<div class=\"slz_shortcode sc_counter counter-78019877869f3e7fedd1fc  \"><div class=\"slz-counter-item-1 counter-center\">\r\n        <div class=\"content-cell\">\r\n        <div data-from=\"0\" data-to=\"9246\" data-speed=\"3000\" class=\"number \">\r\n        \t9246        <\/div>\r\n                <div class=\"title\">Km Per Year<\/div>\r\n    <\/div>\r\n<\/div><\/div>[\/vc_column][vc_column width=&#8221;1\/4&#8243;]<div class=\"slz_shortcode sc_counter counter-5825957069f3e7fedd3ec  \"><div class=\"slz-counter-item-1 counter-center\">\r\n        <div class=\"content-cell\">\r\n        <div data-from=\"0\" data-to=\"7818\" data-speed=\"3000\" class=\"number \">\r\n        \t7818        <\/div>\r\n                <div class=\"title\">Tons of Goods<\/div>\r\n    <\/div>\r\n<\/div><\/div>[\/vc_column][vc_column width=&#8221;1\/4&#8243;]<div class=\"slz_shortcode sc_counter counter-73155367069f3e7fedd5c8  \"><div class=\"slz-counter-item-1 counter-center\">\r\n        <div class=\"content-cell\">\r\n        <div data-from=\"0\" data-to=\"846\" data-speed=\"3000\" class=\"number \">\r\n        \t846        <\/div>\r\n                <div class=\"title\">Satisfied clients<\/div>\r\n    <\/div>\r\n<\/div><\/div>[\/vc_column][\/vc_row][vc_row css=&#8221;.vc_custom_1479869248556{padding-top: 65px !important;padding-bottom: 100px !important;}&#8221;][vc_column]<div class=\"slz-shortcode sc_main_title main-title-154742827069f3e7fedd787   style-2  text-c \">\r\n\t<div class=\"slz-main-title\">\r\n\t\t\t\t\t\t\t<h2 class=\"title\">what we offer\t\t\t\t\t\t<\/h2>\r\n\t\t\t\t\t<\/div>\r\n<\/div>\r\n\r\n<div class=\"slz_shortcode sc_icon_box icon_box-67552583269f3e7fedda7c \"><div class=\"row\"><div class=\"col-md-4\"><div class=\"slz-icon-box-1 icon-box-item-1  style-1\"><div class=\"icon-cell\">\r\n                            <div class=\"wrapper-icon\">\r\n                                <i class=\"slz-icon fa fa-home\"><\/i>\r\n\t\t\t\t\t\t\t\t\r\n                            <\/div>\r\n                        <\/div>\r\n\t\t\t\t\t<div class=\"content-cell\">\r\n\t\t\t\t\t\t<div class=\"wrapper-info\">\r\n\t\t\t\t<div class=\"title icon_box_title-1\">Warehouse<\/div><div class=\"description icon_box_description-1\">Vera sought out counseling with me because her doctor advised her to discover the emotional causes of her chronic advised her to discover advised<\/div>\r\n\t\t\t\t\t\t\t<a href=\"\"   class=\"slz-btn icon-box-button-1\">\r\n\t\t\t\t\t\t\t\t<span class=\"text\">Get Start<\/span>\r\n\t\t\t\t\t\t\t\t<span class=\"icons fa fa-angle-double-right\"><\/span>\r\n\t\t\t\t\t\t\t<\/a>\r\n\t\t\t\t\t\t\r\n\t\t\t\t\t\t<\/div>\r\n\t\t\t\t\t<\/div>\r\n\t\t\t\t<\/div><\/div><div class=\"col-md-4\"><div class=\"slz-icon-box-1 icon-box-item-2  style-1\"><div class=\"icon-cell\">\r\n                            <div class=\"wrapper-icon\">\r\n                                <i class=\"slz-icon fa fa-car\"><\/i>\r\n\t\t\t\t\t\t\t\t\r\n                            <\/div>\r\n                        <\/div>\r\n\t\t\t\t\t<div class=\"content-cell\">\r\n\t\t\t\t\t\t<div class=\"wrapper-info\">\r\n\t\t\t\t<div class=\"title icon_box_title-2\">Vehicle<\/div><div class=\"description icon_box_description-2\">Vera sought out counseling with me because her doctor advised her to discover the emotional causes of her chronic advised her to discover advised<\/div>\r\n\t\t\t\t\t\t\t<a href=\"\"   class=\"slz-btn icon-box-button-2\">\r\n\t\t\t\t\t\t\t\t<span class=\"text\">Get Start<\/span>\r\n\t\t\t\t\t\t\t\t<span class=\"icons fa fa-angle-double-right\"><\/span>\r\n\t\t\t\t\t\t\t<\/a>\r\n\t\t\t\t\t\t\r\n\t\t\t\t\t\t<\/div>\r\n\t\t\t\t\t<\/div>\r\n\t\t\t\t<\/div><\/div><div class=\"col-md-4\"><div class=\"slz-icon-box-1 icon-box-item-3  style-1\"><div class=\"icon-cell\">\r\n                            <div class=\"wrapper-icon\">\r\n                                <i class=\"slz-icon fa fa-hdd-o\"><\/i>\r\n\t\t\t\t\t\t\t\t\r\n                            <\/div>\r\n                        <\/div>\r\n\t\t\t\t\t<div class=\"content-cell\">\r\n\t\t\t\t\t\t<div class=\"wrapper-info\">\r\n\t\t\t\t<div class=\"title icon_box_title-3\">Storage<\/div><div class=\"description icon_box_description-3\">Vera sought out counseling with me because her doctor advised her to discover the emotional causes of her chronic advised her to discover advised<\/div>\r\n\t\t\t\t\t\t\t<a href=\"\"   class=\"slz-btn icon-box-button-3\">\r\n\t\t\t\t\t\t\t\t<span class=\"text\">Get Start<\/span>\r\n\t\t\t\t\t\t\t\t<span class=\"icons fa fa-angle-double-right\"><\/span>\r\n\t\t\t\t\t\t\t<\/a>\r\n\t\t\t\t\t\t\r\n\t\t\t\t\t\t<\/div>\r\n\t\t\t\t\t<\/div>\r\n\t\t\t\t<\/div><\/div><\/div><\/div>[vc_empty_space height=&#8221;20px&#8221;]<div class=\"slz_shortcode sc_icon_box icon_box-152320625769f3e7feddd58 \"><div class=\"row\"><div class=\"col-md-4\"><div class=\"slz-icon-box-1 icon-box-item-1  style-1\"><div class=\"icon-cell\">\r\n                            <div class=\"wrapper-icon\">\r\n                                <i class=\"slz-icon fa fa-credit-card-alt\"><\/i>\r\n\t\t\t\t\t\t\t\t\r\n                            <\/div>\r\n                        <\/div>\r\n\t\t\t\t\t<div class=\"content-cell\">\r\n\t\t\t\t\t\t<div class=\"wrapper-info\">\r\n\t\t\t\t<div class=\"title icon_box_title-1\">Cargo<\/div><div class=\"description icon_box_description-1\">Vera sought out counseling with me because her doctor advised her to discover the emotional causes of her chronic advised her to discover advised<\/div>\r\n\t\t\t\t\t\t\t<a href=\"\"   class=\"slz-btn icon-box-button-1\">\r\n\t\t\t\t\t\t\t\t<span class=\"text\">Get Start<\/span>\r\n\t\t\t\t\t\t\t\t<span class=\"icons fa fa-angle-double-right\"><\/span>\r\n\t\t\t\t\t\t\t<\/a>\r\n\t\t\t\t\t\t\r\n\t\t\t\t\t\t<\/div>\r\n\t\t\t\t\t<\/div>\r\n\t\t\t\t<\/div><\/div><div class=\"col-md-4\"><div class=\"slz-icon-box-1 icon-box-item-2  style-1\"><div class=\"icon-cell\">\r\n                            <div class=\"wrapper-icon\">\r\n                                <i class=\"slz-icon fa fa-globe\"><\/i>\r\n\t\t\t\t\t\t\t\t\r\n                            <\/div>\r\n                        <\/div>\r\n\t\t\t\t\t<div class=\"content-cell\">\r\n\t\t\t\t\t\t<div class=\"wrapper-info\">\r\n\t\t\t\t<div class=\"title icon_box_title-2\">Logistic<\/div><div class=\"description icon_box_description-2\">Vera sought out counseling with me because her doctor advised her to discover the emotional causes of her chronic advised her to discover advised<\/div>\r\n\t\t\t\t\t\t\t<a href=\"\"   class=\"slz-btn icon-box-button-2\">\r\n\t\t\t\t\t\t\t\t<span class=\"text\">Get Start<\/span>\r\n\t\t\t\t\t\t\t\t<span class=\"icons fa fa-angle-double-right\"><\/span>\r\n\t\t\t\t\t\t\t<\/a>\r\n\t\t\t\t\t\t\r\n\t\t\t\t\t\t<\/div>\r\n\t\t\t\t\t<\/div>\r\n\t\t\t\t<\/div><\/div><div class=\"col-md-4\"><div class=\"slz-icon-box-1 icon-box-item-3  style-1\"><div class=\"icon-cell\">\r\n                            <div class=\"wrapper-icon\">\r\n                                <i class=\"slz-icon fa fa-plane\"><\/i>\r\n\t\t\t\t\t\t\t\t\r\n                            <\/div>\r\n                        <\/div>\r\n\t\t\t\t\t<div class=\"content-cell\">\r\n\t\t\t\t\t\t<div class=\"wrapper-info\">\r\n\t\t\t\t<div class=\"title icon_box_title-3\">Transport<\/div><div class=\"description icon_box_description-3\">Vera sought out counseling with me because her doctor advised her to discover the emotional causes of her chronic advised her to discover advised<\/div>\r\n\t\t\t\t\t\t\t<a href=\"\"   class=\"slz-btn icon-box-button-3\">\r\n\t\t\t\t\t\t\t\t<span class=\"text\">Get Start<\/span>\r\n\t\t\t\t\t\t\t\t<span class=\"icons fa fa-angle-double-right\"><\/span>\r\n\t\t\t\t\t\t\t<\/a>\r\n\t\t\t\t\t\t\r\n\t\t\t\t\t\t<\/div>\r\n\t\t\t\t\t<\/div>\r\n\t\t\t\t<\/div><\/div><\/div><\/div>[\/vc_column][\/vc_row][vc_row full_width=&#8221;stretch_row&#8221; css=&#8221;.vc_custom_1479977848847{padding-top: 65px !important;padding-bottom: 100px !important;background: #101b28 url(http:\/\/localhost\/wp\/wp-content\/uploads\/2016\/11\/home2-bg2.jpg?id=1835) !important;background-position: center !important;background-repeat: no-repeat !important;background-size: cover !important;}&#8221;][vc_column]<div class=\"slz-shortcode sc_main_title main-title-37943808769f3e7feddf60   style-1  text-c \">\r\n\t<div class=\"slz-main-title\">\r\n\t\t\t\t\t\t\t<h2 class=\"title\">Pricing\t\t\t\t\t\t<\/h2>\r\n\t\t\t\t\t\t\t<div class=\"subtitle\">\r\n\t\t\t\t<span class=\"subtitle-inner\">For Best Price And Service<\/span>\r\n\t\t\t<\/div>\r\n\t\t\t\t<\/div>\r\n<\/div>\r\n\r\n<div class=\"slz_shortcode slz-pricing-plan-01 pricing_box-208167591269f3e7fede32e \"><div class=\"row\"><div class=\"col-md-3 col-sm-6\"><div class=\"slz-pricing-table-01 pricing-box-total-1 \"><div class=\"pricing-header\"><div class=\"title pricing-box-title-1\">basic freight<\/div><div class=\"pricing-section pricing-box-section-1\">\r\n\t\t\t\t\t\t\t<sup class=\"unit\">$<\/sup>\r\n\t\t\t\t\t\t\t49\r\n\t\t\t\t\t\t\t<span class=\"per\">\/mo<\/span>\r\n\t\t\t\t\t\t<\/div><\/div><div class=\"pricing-body pricing-box-pricing-body-1\"><div class=\"pricing-option pricing-box-option-1\">&nbsp;Single Covered Truck<\/div><div class=\"pricing-option pricing-box-option-2\">&nbsp; For Men For Transport <\/div><div class=\"pricing-option pricing-box-option-3\">&nbsp;Insurance<\/div><div class=\"pricing-option pricing-box-option-4\">&nbsp; Additional Truck Available<\/div><\/div>\r\n\t\t\t\t\t<div class=\"pricing-footer\">\r\n\t\t\t\t\t\t<a href=\"http:\/\/wp.solazu.net\/transera\/contact\/\"   class=\"btn pricing-box-button-1\">Get Started<\/a>\r\n\t\t\t\t\t<\/div>\r\n\t\t\t\t<\/div><\/div><div class=\"col-md-3 col-sm-6\"><div class=\"slz-pricing-table-01 pricing-box-total-2 \"><div class=\"pricing-header\"><div class=\"title pricing-box-title-2\">Insurance<\/div><div class=\"pricing-section pricing-box-section-2\">\r\n\t\t\t\t\t\t\t<sup class=\"unit\">$<\/sup>\r\n\t\t\t\t\t\t\t149\r\n\t\t\t\t\t\t\t<span class=\"per\">\/mo<\/span>\r\n\t\t\t\t\t\t<\/div><\/div><div class=\"pricing-body pricing-box-pricing-body-2\"><div class=\"pricing-option pricing-box-option-1\">&nbsp;Single Covered Truck<\/div><div class=\"pricing-option pricing-box-option-2\">&nbsp;For Men For Transport<\/div><div class=\"pricing-option pricing-box-option-3\">&nbsp;Insurance<\/div><div class=\"pricing-option pricing-box-option-4\">&nbsp;Additional Truck Available<\/div><\/div>\r\n\t\t\t\t\t<div class=\"pricing-footer\">\r\n\t\t\t\t\t\t<a href=\"http:\/\/wp.solazu.net\/transera\/contact\/\"   class=\"btn pricing-box-button-2\">Get Started<\/a>\r\n\t\t\t\t\t<\/div>\r\n\t\t\t\t<\/div><\/div><div class=\"col-md-3 col-sm-6\"><div class=\"slz-pricing-table-01 pricing-box-total-3 active\"><div class=\"pricing-header\"><div class=\"title pricing-box-title-3\">Fast Freight<\/div><div class=\"pricing-section pricing-box-section-3\">\r\n\t\t\t\t\t\t\t<sup class=\"unit\">$<\/sup>\r\n\t\t\t\t\t\t\t179\r\n\t\t\t\t\t\t\t<span class=\"per\">\/mo<\/span>\r\n\t\t\t\t\t\t<\/div><\/div><div class=\"pricing-body pricing-box-pricing-body-3\"><div class=\"pricing-option pricing-box-option-1\">&nbsp;Single Covered Truck<\/div><div class=\"pricing-option pricing-box-option-2\">&nbsp;For Men For Transport<\/div><div class=\"pricing-option pricing-box-option-3\">&nbsp;Insurance<\/div><div class=\"pricing-option pricing-box-option-4\">&nbsp;Additional Truck Available<\/div><\/div>\r\n\t\t\t\t\t<div class=\"pricing-footer\">\r\n\t\t\t\t\t\t<a href=\"http:\/\/wp.solazu.net\/transera\/contact\/\"   class=\"btn pricing-box-button-3\">Get Started<\/a>\r\n\t\t\t\t\t<\/div>\r\n\t\t\t\t<\/div><\/div><div class=\"col-md-3 col-sm-6\"><div class=\"slz-pricing-table-01 pricing-box-total-4 \"><div class=\"pricing-header\"><div class=\"title pricing-box-title-4\">super fast freight<\/div><div class=\"pricing-section pricing-box-section-4\">\r\n\t\t\t\t\t\t\t<sup class=\"unit\">$<\/sup>\r\n\t\t\t\t\t\t\t219\r\n\t\t\t\t\t\t\t<span class=\"per\">\/mo<\/span>\r\n\t\t\t\t\t\t<\/div><\/div><div class=\"pricing-body pricing-box-pricing-body-4\"><div class=\"pricing-option pricing-box-option-1\">&nbsp;Double Covered Truck<\/div><div class=\"pricing-option pricing-box-option-2\">&nbsp; Six Men For Transport<\/div><div class=\"pricing-option pricing-box-option-3\">&nbsp;Insurance<\/div><div class=\"pricing-option pricing-box-option-4\">&nbsp;Additional Truck Available<\/div><\/div>\r\n\t\t\t\t\t<div class=\"pricing-footer\">\r\n\t\t\t\t\t\t<a href=\"http:\/\/wp.solazu.net\/transera\/contact\/\"   class=\"btn pricing-box-button-4\">Get Started<\/a>\r\n\t\t\t\t\t<\/div>\r\n\t\t\t\t<\/div><\/div><\/div><\/div>[\/vc_column][\/vc_row][vc_row css=&#8221;.vc_custom_1479870517984{padding-top: 65px !important;padding-bottom: 100px !important;}&#8221;][vc_column]<div class=\"slz-shortcode sc_main_title main-title-116497935569f3e7fede53b   style-2  text-c \">\r\n\t<div class=\"slz-main-title\">\r\n\t\t\t\t\t\t\t<h2 class=\"title\">Process cargo\t\t\t\t\t\t<\/h2>\r\n\t\t\t\t\t<\/div>\r\n<\/div>\r\n\r\n<div class=\"slz_shortcode sc_icon_box icon_box-16034502269f3e7fede852 \"><div class=\"row\"><div class=\"col-md-4\"><div class=\"slz-icon-box-1 icon-box-item-1  style-3\"><div class=\"icon-cell\"><\/div>\r\n\t\t\t\t\t<div class=\"content-cell\">\r\n\t\t\t\t\t\t<div class=\"wrapper-info\">\r\n\t\t\t\t<div class=\"title icon_box_title-1\">RECEIVE \/ SEND CUSTOMERS<\/div><div class=\"description icon_box_description-1\">Consect adipisicing elitsed do eiusmod sed do eiusmod tempor incididunt ut labore do eiusmod<\/div>\r\n\t\t\t\t\t\t<\/div>\r\n\t\t\t\t\t<\/div>\r\n\t\t\t\t<\/div><\/div><div class=\"col-md-4\"><div class=\"slz-icon-box-1 icon-box-item-2  style-3\"><div class=\"icon-cell\"><\/div>\r\n\t\t\t\t\t<div class=\"content-cell\">\r\n\t\t\t\t\t\t<div class=\"wrapper-info\">\r\n\t\t\t\t<div class=\"title icon_box_title-2\">TRANSERA<\/div><div class=\"description icon_box_description-2\">Consect adipisicing elitsed do eiusmod sed do eiusmod tempor incididunt ut labore do eiusmod<\/div>\r\n\t\t\t\t\t\t<\/div>\r\n\t\t\t\t\t<\/div>\r\n\t\t\t\t<\/div><\/div><div class=\"col-md-4\"><div class=\"slz-icon-box-1 icon-box-item-3  style-3\"><div class=\"icon-cell\"><\/div>\r\n\t\t\t\t\t<div class=\"content-cell\">\r\n\t\t\t\t\t\t<div class=\"wrapper-info\">\r\n\t\t\t\t<div class=\"title icon_box_title-3\">SUPPLIER<\/div><div class=\"description icon_box_description-3\">Consect adipisicing elitsed do eiusmod sed do eiusmod tempor incididunt ut labore do eiusmod<\/div>\r\n\t\t\t\t\t\t<\/div>\r\n\t\t\t\t\t<\/div>\r\n\t\t\t\t<\/div><\/div><\/div><\/div>[vc_empty_space height=&#8221;40px&#8221;]<div class=\"slz_shortcode sc_icon_box icon_box-211295267569f3e7fedec4f \"><div class=\"row\"><div class=\"col-md-4\"><div class=\"slz-icon-box-1 icon-box-item-1  style-3\"><div class=\"icon-cell\"><\/div>\r\n\t\t\t\t\t<div class=\"content-cell\">\r\n\t\t\t\t\t\t<div class=\"wrapper-info\">\r\n\t\t\t\t<div class=\"title icon_box_title-1\">SHIPPED<\/div><div class=\"description icon_box_description-1\">Consect adipisicing elitsed do eiusmod sed do eiusmod tempor incididunt ut labore do eiusmod<\/div>\r\n\t\t\t\t\t\t<\/div>\r\n\t\t\t\t\t<\/div>\r\n\t\t\t\t<\/div><\/div><div class=\"col-md-4\"><div class=\"slz-icon-box-1 icon-box-item-2  style-3\"><div class=\"icon-cell\"><\/div>\r\n\t\t\t\t\t<div class=\"content-cell\">\r\n\t\t\t\t\t\t<div class=\"wrapper-info\">\r\n\t\t\t\t<div class=\"title icon_box_title-2\">TRANSERA<\/div><div class=\"description icon_box_description-2\">Consect adipisicing elitsed do eiusmod sed do eiusmod tempor incididunt ut labore do eiusmod<\/div>\r\n\t\t\t\t\t\t<\/div>\r\n\t\t\t\t\t<\/div>\r\n\t\t\t\t<\/div><\/div><div class=\"col-md-4\"><div class=\"slz-icon-box-1 icon-box-item-3  style-3\"><div class=\"icon-cell\"><\/div>\r\n\t\t\t\t\t<div class=\"content-cell\">\r\n\t\t\t\t\t\t<div class=\"wrapper-info\">\r\n\t\t\t\t<div class=\"title icon_box_title-3\">CARRIER<\/div><div class=\"description icon_box_description-3\">Consect adipisicing elitsed do eiusmod sed do eiusmod tempor incididunt ut labore do eiusmod<\/div>\r\n\t\t\t\t\t\t<\/div>\r\n\t\t\t\t\t<\/div>\r\n\t\t\t\t<\/div><\/div><\/div><\/div>[\/vc_column][\/vc_row]<\/p>","protected":false},"excerpt":{"rendered":"<p>[vc_row css=&#8221;.vc_custom_1479870835931{padding-top: 100px !important;padding-bottom: 100px !important;}&#8221;][vc_column][\/vc_column][\/vc_row][vc_row full_width=&#8221;stretch_row&#8221; css=&#8221;.vc_custom_1479979110631{padding-top: 65px !important;padding-bottom: 100px !important;background: #0a1c27 url(http:\/\/localhost\/wp\/wp-content\/uploads\/2016\/11\/home3-bg.jpg?id=1836) !important;background-position: center !important;background-repeat: no-repeat !important;background-size: cover !important;}&#8221;][vc_column width=&#8221;1\/4&#8243;][\/vc_column][vc_column width=&#8221;1\/4&#8243;][\/vc_column][vc_column width=&#8221;1\/4&#8243;][\/vc_column][vc_column width=&#8221;1\/4&#8243;][\/vc_column][\/vc_row][vc_row css=&#8221;.vc_custom_1479869248556{padding-top: 65px !important;padding-bottom: 100px !important;}&#8221;][vc_column][vc_empty_space height=&#8221;20px&#8221;][\/vc_column][\/vc_row][vc_row full_width=&#8221;stretch_row&#8221; css=&#8221;.vc_custom_1479977848847{padding-top: 65px !important;padding-bottom: 100px !important;background: #101b28 url(http:\/\/localhost\/wp\/wp-content\/uploads\/2016\/11\/home2-bg2.jpg?id=1835) !important;background-position: center !important;background-repeat: no-repeat !important;background-size: cover !important;}&#8221;][vc_column][\/vc_column][\/vc_row][vc_row css=&#8221;.vc_custom_1479870517984{padding-top: 65px !important;padding-bottom: 100px !important;}&#8221;][vc_column][vc_empty_space height=&#8221;40px&#8221;][\/vc_column][\/vc_row]<\/p>\n","protected":false},"author":1,"featured_media":0,"parent":0,"menu_order":0,"comment_status":"closed","ping_status":"closed","template":"","meta":{"om_disable_all_campaigns":false,"_monsterinsights_skip_tracking":false,"_monsterinsights_sitenote_active":false,"_monsterinsights_sitenote_note":"","_monsterinsights_sitenote_category":0,"footnotes":""},"aioseo_notices":[],"_links":{"self":[{"href":"https:\/\/naftoserv.com\/tr\/wp-json\/wp\/v2\/pages\/1725"}],"collection":[{"href":"https:\/\/naftoserv.com\/tr\/wp-json\/wp\/v2\/pages"}],"about":[{"href":"https:\/\/naftoserv.com\/tr\/wp-json\/wp\/v2\/types\/page"}],"author":[{"embeddable":true,"href":"https:\/\/naftoserv.com\/tr\/wp-json\/wp\/v2\/users\/1"}],"replies":[{"embeddable":true,"href":"https:\/\/naftoserv.com\/tr\/wp-json\/wp\/v2\/comments?post=1725"}],"version-history":[{"count":0,"href":"https:\/\/naftoserv.com\/tr\/wp-json\/wp\/v2\/pages\/1725\/revisions"}],"wp:attachment":[{"href":"https:\/\/naftoserv.com\/tr\/wp-json\/wp\/v2\/media?parent=1725"}],"curies":[{"name":"wp","href":"https:\/\/api.w.org\/{rel}","templated":true}]}}