{"id":2493,"date":"2016-12-19T13:30:56","date_gmt":"2016-12-19T13:30:56","guid":{"rendered":"http:\/\/naftoserv.com\/?page_id=2493"},"modified":"2025-04-01T08:52:23","modified_gmt":"2025-04-01T08:52:23","slug":"experiences","status":"publish","type":"page","link":"https:\/\/naftoserv.com\/tr\/experiences\/","title":{"rendered":"Deneyimler"},"content":{"rendered":"<p>[vc_row][vc_column][vc_column_text]<span style=\"font-weight: 400;\">NaftoServ y\u00f6netimi ve \u00e7al\u0131\u015fanlar\u0131, 25 y\u0131ldan fazla bir s\u00fcredir petrol ve gaz alanlar\u0131nda a\u015fa\u011f\u0131daki \u015firketlerle deneyime sahiptir<\/span>[\/vc_column_text][\/vc_column][\/vc_row][vc_row][vc_column][vc_empty_space][\/vc_column][\/vc_row][vc_row][vc_column width=&#8221;1\/2&#8243;][vc_column_text]<\/p>\n<table>\n<tbody>\n<tr>\n<td style=\"text-align: center;\"><b>Numara<\/b><\/td>\n<td style=\"text-align: center;\"><b>M\u00fc\u015fteri Ad\u0131<\/b><\/td>\n<td style=\"text-align: center;\"><b>D\u00f6nem<\/b><\/td>\n<td style=\"text-align: center;\"><b>Kapsam\u0131<\/b><\/td>\n<\/tr>\n<tr>\n<td style=\"text-align: center;\"><span style=\"font-weight: 400;\">1<\/span><\/td>\n<td style=\"text-align: center;\"><span style=\"font-weight: 400;\">Schlumberger<\/span><\/td>\n<td style=\"text-align: center;\"><span style=\"font-weight: 400;\"><span style=\"font-weight: 400;\">25\u00a0<\/span><\/span>y\u0131l<\/td>\n<td style=\"text-align: center;\"><span style=\"font-weight: 400;\">Y\u00f6nl\u00fc Sondaj ve Delik A\u00e7ma Aletleri<\/span><\/td>\n<\/tr>\n<tr>\n<td style=\"text-align: center;\"><span style=\"font-weight: 400;\">2<\/span><\/td>\n<td style=\"text-align: center;\"><span style=\"font-weight: 400;\">NOV<\/span><\/td>\n<td style=\"text-align: center;\"><span style=\"font-weight: 400;\"><span style=\"font-weight: 400;\">15\u00a0<\/span><\/span>y\u0131l<\/td>\n<td style=\"text-align: center;\">Kavanozlar ve Kiralama<\/td>\n<\/tr>\n<tr>\n<td style=\"text-align: center;\"><span style=\"font-weight: 400;\">3<\/span><\/td>\n<td style=\"text-align: center;\"><span style=\"font-weight: 400;\">Viking<\/span><\/td>\n<td style=\"text-align: center;\"><span style=\"font-weight: 400;\"><span style=\"font-weight: 400;\">1\u00a0<\/span><\/span>y\u0131l<\/td>\n<td style=\"text-align: center;\"><span style=\"font-weight: 400;\">Muayene Hizmetleri<\/span><\/td>\n<\/tr>\n<tr>\n<td style=\"text-align: center;\"><span style=\"font-weight: 400;\">4<\/span><\/td>\n<td style=\"text-align: center;\"><span style=\"font-weight: 400;\">Ge<\/span><span style=\"font-weight: 400;\">o-Target<\/span><\/td>\n<td style=\"text-align: center;\"><span style=\"font-weight: 400;\"><span style=\"font-weight: 400;\">5\u00a0<\/span><\/span>y\u0131l<\/td>\n<td style=\"text-align: center;\"><span style=\"font-weight: 400;\">Cayro ve Y\u00f6n delme<\/span><\/td>\n<\/tr>\n<\/tbody>\n<\/table>\n<p>[\/vc_column_text][\/vc_column][\/vc_row]<a href=\"https:\/\/nonukcasinosites.co.uk\/review\/cosmicslot\/\">Cosmicslot review<\/a><\/p>","protected":false},"excerpt":{"rendered":"<p>[vc_row][vc_column][vc_column_text]NaftoServ y\u00f6netimi ve \u00e7al\u0131\u015fanlar\u0131, 25 y\u0131ldan fazla bir s\u00fcredir petrol ve gaz alanlar\u0131nda a\u015fa\u011f\u0131daki \u015firketlerle deneyime sahiptir[\/vc_column_text][\/vc_column][\/vc_row][vc_row][vc_column][vc_empty_space][\/vc_column][\/vc_row][vc_row][vc_column width=&#8221;1\/2&#8243;][vc_column_text] Numara M\u00fc\u015fteri Ad\u0131 D\u00f6nem Kapsam\u0131 1 Schlumberger 25\u00a0y\u0131l Y\u00f6nl\u00fc Sondaj ve Delik A\u00e7ma Aletleri 2 NOV 15\u00a0y\u0131l Kavanozlar ve Kiralama 3 Viking 1\u00a0y\u0131l Muayene Hizmetleri 4 Geo-Target 5\u00a0y\u0131l Cayro ve Y\u00f6n delme [\/vc_column_text][\/vc_column][\/vc_row]Cosmicslot review<\/p>\n","protected":false},"author":1,"featured_media":0,"parent":0,"menu_order":0,"comment_status":"closed","ping_status":"closed","template":"","meta":{"om_disable_all_campaigns":false,"_monsterinsights_skip_tracking":false,"_monsterinsights_sitenote_active":false,"_monsterinsights_sitenote_note":"","_monsterinsights_sitenote_category":0,"footnotes":""},"aioseo_notices":[],"_links":{"self":[{"href":"https:\/\/naftoserv.com\/tr\/wp-json\/wp\/v2\/pages\/2493"}],"collection":[{"href":"https:\/\/naftoserv.com\/tr\/wp-json\/wp\/v2\/pages"}],"about":[{"href":"https:\/\/naftoserv.com\/tr\/wp-json\/wp\/v2\/types\/page"}],"author":[{"embeddable":true,"href":"https:\/\/naftoserv.com\/tr\/wp-json\/wp\/v2\/users\/1"}],"replies":[{"embeddable":true,"href":"https:\/\/naftoserv.com\/tr\/wp-json\/wp\/v2\/comments?post=2493"}],"version-history":[{"count":17,"href":"https:\/\/naftoserv.com\/tr\/wp-json\/wp\/v2\/pages\/2493\/revisions"}],"predecessor-version":[{"id":12726,"href":"https:\/\/naftoserv.com\/tr\/wp-json\/wp\/v2\/pages\/2493\/revisions\/12726"}],"wp:attachment":[{"href":"https:\/\/naftoserv.com\/tr\/wp-json\/wp\/v2\/media?parent=2493"}],"curies":[{"name":"wp","href":"https:\/\/api.w.org\/{rel}","templated":true}]}}