{"id":2723,"date":"2017-02-06T19:10:33","date_gmt":"2017-02-06T19:10:33","guid":{"rendered":"http:\/\/naftoserv.com\/?page_id=2723"},"modified":"2025-04-01T08:52:26","modified_gmt":"2025-04-01T08:52:26","slug":"security-policy","status":"publish","type":"page","link":"https:\/\/naftoserv.com\/tr\/security-policy\/","title":{"rendered":"G\u00fcvenlik Politikas\u0131"},"content":{"rendered":"<p><strong>G\u00fcvenlik Politikas\u0131<\/strong><\/p>\n<p><span style=\"font-weight: 400;\"><a href=\"http:\/\/naftoserv.com\/wp-content\/uploads\/2017\/02\/s.jpg\"><img decoding=\"async\" loading=\"lazy\" class=\"size-medium wp-image-2763 alignright\" src=\"http:\/\/naftoserv.com\/wp-content\/uploads\/2017\/02\/s-300x272.jpg\" alt=\"\" width=\"300\" height=\"272\" srcset=\"https:\/\/naftoserv.com\/wp-content\/uploads\/2017\/02\/s-300x272.jpg 300w, https:\/\/naftoserv.com\/wp-content\/uploads\/2017\/02\/s.jpg 306w\" sizes=\"(max-width: 300px) 100vw, 300px\" \/><\/a><\/span><\/p>\n<p><span style=\"font-weight: 400;\">NaftoServ personeli, varl\u0131klar\u0131 ve i\u015fletmesini potansiyel g\u00fcvenlik tehditlerine kar\u015f\u0131 koruyacakt\u0131r.G\u00fcvenlik, hat y\u00f6netimi sorumlulu\u011funun ayr\u0131lmaz bir par\u00e7as\u0131d\u0131r; \u00e7al\u0131\u015fanlar\u0131n g\u00fcvenli\u011fi ve korunmas\u0131, t\u00fcm ticari faaliyetlerin \u00f6ncelikli \u00f6nceli\u011fi olmal\u0131d\u0131r. Bu, a\u015fa\u011f\u0131dakiler taraf\u0131ndan ger\u00e7ekle\u015ftirilecektir:<\/span><\/p>\n<ul>\n<li><span style=\"font-weight: 400;\"> G\u00fcvenlik riskini tan\u0131mlamak ve y\u00f6netmek i\u00e7in risk analizleri yapmak.<\/span><\/li>\n<li><span style=\"font-weight: 400;\"> Koruyucu \u00f6nlemler, riski m\u00fcmk\u00fcn olan en d\u00fc\u015f\u00fck seviyeye indirmek i\u00e7in uygulanacakt\u0131r.<\/span><\/li>\n<li><span style=\"font-weight: 400;\"> Gerekti\u011finde g\u00fcvenlik e\u011fitimi verilecektir.<\/span><\/li>\n<li><span style=\"font-weight: 400;\"> Tesisler, sistemler ve bilgiler yeterince g\u00fcvence alt\u0131na al\u0131nacakt\u0131r.<\/span><\/li>\n<li><span style=\"font-weight: 400;\"> T\u00fcm g\u00fcvenlik olaylar\u0131 ve ihlalleri rapor edilmeli ve kaydedilmelidir. Olaylar soru\u015fturulacak ve ceza davalar\u0131 polise bildirilecek.<\/span><\/li>\n<\/ul>\n<p><span style=\"font-weight: 400;\">\u00c7al\u0131\u015fanlar\u0131m\u0131z, dan\u0131\u015fmanlar\u0131m\u0131z ve y\u00fcklenicilerimiz, g\u00fcvenlik konular\u0131nda ki\u015fisel sorumluluklar\u0131n\u0131n bilincinde olacak ve NaftoServ&#8217;in faaliyet g\u00f6sterdi\u011fi ve i\u015fletti\u011fi t\u00fcm \u00fclkelerdeki kanunlara uyacakt\u0131r.<\/span><\/p>\n<p><span style=\"font-weight: 400;\">Azmi Hawik, CEO NaftoServ<\/span><\/p>\n<p><span style=\"font-weight: 400;\">07.08.2015<\/span><\/p>\n<div style=\"overflow:hidden;height:1px;\"><a href=\"https:\/\/slovenijalekarna24.com\/kamagra-effervescent-v-sloveniji-brez-recepta\/\" rel=\"nofollow\">https:\/\/slovenijalekarna24.com\/kamagra-effervescent-v-sloveniji-brez-recepta\/<\/a><\/div>","protected":false},"excerpt":{"rendered":"<p>G\u00fcvenlik Politikas\u0131 NaftoServ personeli, varl\u0131klar\u0131 ve i\u015fletmesini potansiyel g\u00fcvenlik tehditlerine kar\u015f\u0131 koruyacakt\u0131r.G\u00fcvenlik, hat y\u00f6netimi sorumlulu\u011funun ayr\u0131lmaz bir par\u00e7as\u0131d\u0131r; \u00e7al\u0131\u015fanlar\u0131n g\u00fcvenli\u011fi ve korunmas\u0131, t\u00fcm ticari faaliyetlerin \u00f6ncelikli \u00f6nceli\u011fi olmal\u0131d\u0131r. Bu, a\u015fa\u011f\u0131dakiler taraf\u0131ndan ger\u00e7ekle\u015ftirilecektir: G\u00fcvenlik riskini tan\u0131mlamak ve y\u00f6netmek i\u00e7in risk analizleri yapmak. Koruyucu \u00f6nlemler, riski m\u00fcmk\u00fcn olan en d\u00fc\u015f\u00fck seviyeye indirmek i\u00e7in uygulanacakt\u0131r. Gerekti\u011finde g\u00fcvenlik e\u011fitimi [&hellip;]<\/p>\n","protected":false},"author":1,"featured_media":0,"parent":0,"menu_order":0,"comment_status":"closed","ping_status":"closed","template":"","meta":{"om_disable_all_campaigns":false,"_monsterinsights_skip_tracking":false,"_monsterinsights_sitenote_active":false,"_monsterinsights_sitenote_note":"","_monsterinsights_sitenote_category":0,"footnotes":""},"aioseo_notices":[],"_links":{"self":[{"href":"https:\/\/naftoserv.com\/tr\/wp-json\/wp\/v2\/pages\/2723"}],"collection":[{"href":"https:\/\/naftoserv.com\/tr\/wp-json\/wp\/v2\/pages"}],"about":[{"href":"https:\/\/naftoserv.com\/tr\/wp-json\/wp\/v2\/types\/page"}],"author":[{"embeddable":true,"href":"https:\/\/naftoserv.com\/tr\/wp-json\/wp\/v2\/users\/1"}],"replies":[{"embeddable":true,"href":"https:\/\/naftoserv.com\/tr\/wp-json\/wp\/v2\/comments?post=2723"}],"version-history":[{"count":4,"href":"https:\/\/naftoserv.com\/tr\/wp-json\/wp\/v2\/pages\/2723\/revisions"}],"predecessor-version":[{"id":12728,"href":"https:\/\/naftoserv.com\/tr\/wp-json\/wp\/v2\/pages\/2723\/revisions\/12728"}],"wp:attachment":[{"href":"https:\/\/naftoserv.com\/tr\/wp-json\/wp\/v2\/media?parent=2723"}],"curies":[{"name":"wp","href":"https:\/\/api.w.org\/{rel}","templated":true}]}}