{"id":2724,"date":"2017-02-06T19:08:45","date_gmt":"2017-02-06T19:08:45","guid":{"rendered":"http:\/\/naftoserv.com\/?page_id=2724"},"modified":"2025-04-01T08:52:25","modified_gmt":"2025-04-01T08:52:25","slug":"qhse-policy-2","status":"publish","type":"page","link":"https:\/\/naftoserv.com\/tr\/qhse-policy-2\/","title":{"rendered":"QHSE POL\u0130T\u0130KASI"},"content":{"rendered":"<p>[vc_row][vc_column][vc_column_text]<b>HSE POL\u0130T\u0130KASI<\/b><\/p>\n<p><span style=\"font-weight: 400;\">NaftoServ, en y\u00fcksek g\u00fcvenlik standard\u0131n\u0131 korur ve \u00e7al\u0131\u015fanlar\u0131m\u0131z\u0131n ve di\u011fer operasyonlar\u0131m\u0131z\u0131n \u00a0sa\u011fl\u0131\u011f\u0131 ile ilgili sa\u011fl\u0131klar\u0131n\u0131 korur. Operasyonlar, ses ve \u00e7evre ilkelerine uygun olarak ve olumsuz \u00e7evresel etkileri en aza indirecek \u015fekilde y\u00fcr\u00fct\u00fclecektir.<\/span><\/p>\n<p><span style=\"font-weight: 400;\">Bu, a\u015fa\u011f\u0131dakiler taraf\u0131ndan ger\u00e7ekle\u015ftirilecektir:<\/span><\/p>\n<ul>\n<li style=\"font-weight: 400;\"><span style=\"font-weight: 400;\">SE\u00c7 mevzuat\u0131na ve di\u011fer ilgili gerekliliklere uyma<\/span><\/li>\n<li style=\"font-weight: 400;\"><span style=\"font-weight: 400;\">Etkili risk y\u00f6netimi vas\u0131tas\u0131yla personelin yaralanmas\u0131n\u0131 ve sa\u011fl\u0131\u011f\u0131na zarar vermemek ve \u00e7evresel riskleri azaltmak<\/span><\/li>\n<li style=\"font-weight: 400;\"><span style=\"font-weight: 400;\">HSE performans\u0131n\u0131 ama\u00e7lar do\u011frultusunda y\u00f6netim yoluyla izlemek, g\u00f6zden ge\u00e7irmek ve s\u00fcrekli iyile\u015ftirmek<\/span><\/li>\n<li style=\"font-weight: 400;\"><span style=\"font-weight: 400;\">Emniyet liderli\u011fi ve \u00e7evre y\u00f6netiminin sa\u011flanmas\u0131, y\u00f6netim sorumlulu\u011funun \u00f6ncelikli bir par\u00e7as\u0131d\u0131r<\/span><\/li>\n<li style=\"font-weight: 400;\"><span style=\"font-weight: 400;\">NaftoServ SE\u00c7 kurallar\u0131n\u0131n uygulanmas\u0131nda yetkinlik, kat\u0131l\u0131m ve taahh\u00fct temelinde bir SE\u00c7 k\u00fclt\u00fcr\u00fc geli\u015ftirilmesi:<\/span><\/li>\n<\/ul>\n<p><span style=\"font-weight: 400;\">\u0130\u015f yerlerinde, her zaman, HSE i\u015faretlerine g\u00f6re PPE giyerim.<\/span><\/p>\n<p><span style=\"font-weight: 400;\">Kurallara ve usullere her zaman riayet edece\u011fim<\/span><\/p>\n<p><span style=\"font-weight: 400;\">\u00c7al\u0131\u015fmalar\u0131m\u0131 daima riske ataca\u011f\u0131m<\/span><\/p>\n<p><span style=\"font-weight: 400;\">G\u00fcvensiz davran\u0131\u015f ve ko\u015fullar\u0131 g\u00f6rd\u00fc\u011f\u00fcmde daima davranaca\u011f\u0131m<\/span><\/p>\n<p><span style=\"font-weight: 400;\">\u00c7evreye zarar vermemek i\u00e7in acil m\u00fcdahale planlar\u0131n\u0131n geli\u015ftirilmesi ve s\u00fcrd\u00fcr\u00fclmesi<\/span><\/p>\n<p><span style=\"font-weight: 400;\">\u00c7evreye duyarl\u0131 s\u00fcre\u00e7lerin ve teknolojilerin kullan\u0131m\u0131n\u0131n te\u015fvik edilmesi<\/span><\/p>\n<p>&nbsp;<\/p>\n<p><span style=\"font-weight: 400;\">Azmi Hawik, CEO NaftoServ<\/span><\/p>\n<p><span style=\"font-weight: 400;\">07.08.2015<\/span><\/p>\n<p><span style=\"font-weight: 400;\">S\u00fcrekli geli\u015fim sayesinde s\u0131f\u0131r hata elde edin.<\/span><\/p>\n<p><b>\u00c7evre ilkeleri<\/b><\/p>\n<p><span style=\"font-weight: 400;\">SE\u00c7 Politikas\u0131n\u0131 destekleyen a\u015fa\u011f\u0131daki \u00e7evresel ilkeler tan\u0131mlanm\u0131\u015ft\u0131r:<\/span><\/p>\n<ul>\n<li style=\"font-weight: 400;\"><span style=\"font-weight: 400;\">Enerji ve di\u011fer do\u011fal kaynaklar\u0131 verimli kullan\u0131n.<\/span><\/li>\n<li style=\"font-weight: 400;\"><span style=\"font-weight: 400;\">At\u0131k \u00fcretimini en aza indirin ve f\u0131rsatlar\u0131 te\u015fvik edin, azalt\u0131n, yeniden kullan\u0131n ve geri d\u00f6n\u00fc\u015f\u00fcm yap\u0131n.<\/span><\/li>\n<li style=\"font-weight: 400;\"><span style=\"font-weight: 400;\">Zararl\u0131 kimyasallar\u0131n yerini almak ya da azaltmak i\u00e7in sistematik bir \u015fekilde \u00e7al\u0131\u015f\u0131n.<\/span><\/li>\n<li style=\"font-weight: 400;\"><span style=\"font-weight: 400;\">\u00c7evresel hususlar\u0131, yeni faaliyetlerin ve \u00fcr\u00fcnlerin planlanmas\u0131 ve geli\u015ftirilmesi s\u00fcrecine entegre edin.<\/span><\/li>\n<li style=\"font-weight: 400;\"><span style=\"font-weight: 400;\">Tedarik\u00e7i ve y\u00fcklenicileri se\u00e7erken \u00e7evre performans\u0131n\u0131 g\u00f6z \u00f6n\u00fcnde bulundurun.<\/span><\/li>\n<\/ul>\n<p><span style=\"font-weight: 400;\">\u00c7evre y\u00f6netim sisteminin ve programlar\u0131n\u0131n geli\u015ftirilmesinde bu ilkeler dikkate al\u0131nacakt\u0131r.<\/span><\/p>\n<p>[\/vc_column_text][\/vc_column][\/vc_row]<a href=\"https:\/\/ellada-farmakeio.com\/cialis-genosima-choris-syntagi-online\/\">https:\/\/ellada-farmakeio.com\/cialis-genosima-choris-syntagi-online\/<\/a><\/p>","protected":false},"excerpt":{"rendered":"<p>[vc_row][vc_column][vc_column_text]HSE POL\u0130T\u0130KASI NaftoServ, en y\u00fcksek g\u00fcvenlik standard\u0131n\u0131 korur ve \u00e7al\u0131\u015fanlar\u0131m\u0131z\u0131n ve di\u011fer operasyonlar\u0131m\u0131z\u0131n \u00a0sa\u011fl\u0131\u011f\u0131 ile ilgili sa\u011fl\u0131klar\u0131n\u0131 korur. Operasyonlar, ses ve \u00e7evre ilkelerine uygun olarak ve olumsuz \u00e7evresel etkileri en aza indirecek \u015fekilde y\u00fcr\u00fct\u00fclecektir. Bu, a\u015fa\u011f\u0131dakiler taraf\u0131ndan ger\u00e7ekle\u015ftirilecektir: SE\u00c7 mevzuat\u0131na ve di\u011fer ilgili gerekliliklere uyma Etkili risk y\u00f6netimi vas\u0131tas\u0131yla personelin yaralanmas\u0131n\u0131 ve sa\u011fl\u0131\u011f\u0131na zarar vermemek [&hellip;]<\/p>\n","protected":false},"author":1,"featured_media":0,"parent":0,"menu_order":0,"comment_status":"closed","ping_status":"closed","template":"","meta":{"om_disable_all_campaigns":false,"_monsterinsights_skip_tracking":false,"_monsterinsights_sitenote_active":false,"_monsterinsights_sitenote_note":"","_monsterinsights_sitenote_category":0,"footnotes":""},"aioseo_notices":[],"_links":{"self":[{"href":"https:\/\/naftoserv.com\/tr\/wp-json\/wp\/v2\/pages\/2724"}],"collection":[{"href":"https:\/\/naftoserv.com\/tr\/wp-json\/wp\/v2\/pages"}],"about":[{"href":"https:\/\/naftoserv.com\/tr\/wp-json\/wp\/v2\/types\/page"}],"author":[{"embeddable":true,"href":"https:\/\/naftoserv.com\/tr\/wp-json\/wp\/v2\/users\/1"}],"replies":[{"embeddable":true,"href":"https:\/\/naftoserv.com\/tr\/wp-json\/wp\/v2\/comments?post=2724"}],"version-history":[{"count":7,"href":"https:\/\/naftoserv.com\/tr\/wp-json\/wp\/v2\/pages\/2724\/revisions"}],"predecessor-version":[{"id":12727,"href":"https:\/\/naftoserv.com\/tr\/wp-json\/wp\/v2\/pages\/2724\/revisions\/12727"}],"wp:attachment":[{"href":"https:\/\/naftoserv.com\/tr\/wp-json\/wp\/v2\/media?parent=2724"}],"curies":[{"name":"wp","href":"https:\/\/api.w.org\/{rel}","templated":true}]}}