{"id":2729,"date":"2017-02-06T19:11:26","date_gmt":"2017-02-06T19:11:26","guid":{"rendered":"http:\/\/naftoserv.com\/?page_id=2729"},"modified":"2025-04-01T08:52:21","modified_gmt":"2025-04-01T08:52:21","slug":"driving-policy","status":"publish","type":"page","link":"https:\/\/naftoserv.com\/tr\/driving-policy\/","title":{"rendered":"S\u00fcr\u00fc\u015f Politikas\u0131"},"content":{"rendered":"<p>[vc_row][vc_column][vc_column_text]<strong>S\u00fcr\u00fc\u015f Politikas\u0131<\/strong><\/p>\n<p><span style=\"font-weight: 400;\">Naftoserv, ara\u00e7 kullan\u0131rken \u00f6nlenebilir kazan\u0131n bir sonucu olarak sa\u011fl\u0131\u011fa zarar verme tehdidini kabul eder veya \u015firketin ara\u00e7lar\u0131n\u0131 kullan\u0131r. Naftoserv, ara\u00e7 nakliyesine ba\u011fl\u0131 yaralanmalar\u0131 en aza indirmenin nihai amac\u0131 ile \u00e7al\u0131\u015fanlar\u0131n\u0131n ve \u00fc\u00e7\u00fcnc\u00fc \u015fah\u0131slar\u0131n g\u00fcvenli\u011fini artt\u0131rmay\u0131 taahh\u00fct eder. NaftoServ&#8217;in t\u00fcm \u00e7al\u0131\u015fanlar\u0131 ve m\u00fcteahhitleri ile NaftoServ tesislerine gelen ziyaret\u00e7ilerin, \u015eirket veya s\u00f6zle\u015fmeli ara\u00e7larla her zaman s\u00fcr\u00fc\u015flerinde veya \u00e7al\u0131\u015fmas\u0131nda oldu\u011fu gibi, kendi ki\u015fisel ara\u00e7lar\u0131yla ya da i\u015fyerinde ya da rutin yolculuklarda araba kullan\u0131rken veya bu ara\u00e7larla \u00e7al\u0131\u015f\u0131rken bu politikaya uymalar\u0131 gerekir. Dahas\u0131, Naftoservf, insanlar\u0131n refah\u0131 i\u00e7in her zaman i\u00e7in personel sorumlulu\u011funu almaya duyduklar\u0131 s\u00fcrekli ihtiyac\u0131n fark\u0131ndad\u0131r ve bu nedenle \u00e7al\u0131\u015fanlar\u0131n ve \u00fc\u00e7\u00fcnc\u00fc ki\u015filerin g\u00fcvenli s\u00fcr\u00fc\u015f uygulamalar\u0131n\u0131 benimsemelerine ve bu politikay\u0131 i\u015fyeri d\u0131\u015f\u0131 faaliyetlerde de izlemelerine davet etmektedir.<\/span><\/p>\n<p><span style=\"font-weight: 400;\">Bizim s\u00f6z\u00fcm\u00fcz<\/span><\/p>\n<ol>\n<li><span style=\"font-weight: 400;\"> \u00c7al\u0131\u015fanlar taraf\u0131ndan \/ s\u00fcr\u00fcc\u00fc taraf\u0131ndan kullan\u0131lmak \u00fczere \u015firketin sahip oldu\u011fu veya s\u00f6zle\u015fmeli ara\u00e7lar\u0131n\u0131, varsa yasal belgelerle birlikte sa\u011flay\u0131n.<\/span><\/li>\n<li><span style=\"font-weight: 400;\"> \u015eirkete ait ve s\u00f6zle\u015fmeli t\u00fcm ara\u00e7lar\u0131n, iyi ko\u015fullarda, amaca uygun ve t\u00fcm g\u00fcvenlik ve acil ekipman \/ cihazlarla donat\u0131lm\u0131\u015f durumda olmas\u0131n\u0131 sa\u011flay\u0131n.<\/span><\/li>\n<li><span style=\"font-weight: 400;\"> S\u00fcr\u00fc\u015f kazalar\u0131n\u0131 kaydedin ve sebepleri belirlemek ve tekrar olu\u015fmas\u0131n\u0131 \u00f6nlemek i\u00e7in olas\u0131 \u00f6nlemleri tan\u0131mlamak i\u00e7in onlar\u0131 analiz edin.<\/span><\/li>\n<\/ol>\n<p><span style=\"font-weight: 400;\">Y\u00f6netim \u00e7abam\u0131z uyar\u0131nca, yerel ve uluslararas\u0131 yasal gereksinimlerle uyumlu olarak a\u015fa\u011f\u0131daki kontrol \u00f6nlemleri tan\u0131mlanm\u0131\u015f ve uygulanmal\u0131d\u0131r.<\/span><\/p>\n<p><span style=\"font-weight: 400;\">S\u00fcr\u00fcc\u00fc, s\u00fcr\u00fclecek olan ara\u00e7 i\u00e7in ge\u00e7erli bir ehliyetine sahip olmal\u0131d\u0131r.<\/span><\/p>\n<ul>\n<li><span style=\"font-weight: 400;\"> S\u00fcr\u00fcc\u00fcn\u00fcn, s\u00fcr\u00fclecek olan ara\u00e7 i\u00e7in bir \u015firket e\u011fitim belgesi olmal\u0131d\u0131r.<\/span><\/li>\n<li><span style=\"font-weight: 400;\"> S\u00fcr\u00fcc\u00fc sa\u011fl\u0131kl\u0131 ve fiziksel olarak s\u00fcr\u00fc\u015f g\u00f6revlerini yerine getirebilmelidir.<\/span><\/li>\n<li><span style=\"font-weight: 400;\"> S\u00fcr\u00fcc\u00fc, hava durumunu kontrol etmeli ve seyahat i\u00e7in g\u00fczergah boyunca trafik ve yol \u00e7al\u0131\u015fmalar\u0131 hakk\u0131nda bilgilendirilmeli ve olumsuz ko\u015fullar\u0131n beklenmesi durumunda yolculu\u011fu yeniden d\u00fczenlemelidir.<\/span><\/li>\n<li><span style=\"font-weight: 400;\"> S\u00fcr\u00fcc\u00fc ve yolcular ara\u00e7 \u00e7al\u0131\u015f\u0131rken emniyet kemeri takmal\u0131d\u0131r.<\/span><\/li>\n<li><span style=\"font-weight: 400;\"> S\u00fcr\u00fcc\u00fc h\u0131z limitlerine ve yerel y\u00f6netmeliklerle belirlenen kurallara uymal\u0131d\u0131r.<\/span><\/li>\n<li><span style=\"font-weight: 400;\"> S\u00fcr\u00fcc\u00fc, durdurma emniyeti sa\u011flamak i\u00e7in ara\u00e7tan \u00f6n\u00fcne g\u00fcvenli bir mesafede durmal\u0131d\u0131r.<\/span><\/li>\n<li><span style=\"font-weight: 400;\"> S\u00fcr\u00fcc\u00fc, s\u00fcr\u00fc\u015f s\u0131ras\u0131nda elle tutulan bir telefon kullanmamal\u0131d\u0131r.<\/span><\/li>\n<li><span style=\"font-weight: 400;\"> Kazan\u0131n veya acil durumlarda acilen aktif hale getirilebilmesi i\u00e7in s\u00fcr\u00fcc\u00fclerin gemide bulunan acil durum konta\u011f\u0131n\u0131n bir listesini olmas\u0131 gerekir.<\/span><\/li>\n<li><span style=\"font-weight: 400;\"> Alkol, uyu\u015fturucu veya di\u011fer kontroll\u00fc maddelerin etkisi alt\u0131ndaki s\u00fcr\u00fcc\u00fc kesinlikle yasakt\u0131r.<\/span><\/li>\n<li><span style=\"font-weight: 400;\"> S\u00fcr\u00fcc\u00fc, herhangi bir seyahatten \u00f6nce \u015firketin yolculuk y\u00f6netimi plan\u0131n\u0131 uygulamal\u0131,<\/span><\/li>\n<li><span style=\"font-weight: 400;\"> S\u00fcr\u00fcc\u00fc, forklift i\u015flemleri i\u00e7in onaylanm\u0131\u015f ve onaylanm\u0131\u015f bir \u00fc\u00e7\u00fcnc\u00fc \u015fah\u0131s e\u011fitim \u015firketinden \u00f6zel bir e\u011fitime sahip olmal\u0131 ve \u015firketin s\u00fcr\u00fc\u015f politikas\u0131na,<\/span><\/li>\n<li><span style=\"font-weight: 400;\"> T\u00fcm \u015firket ara\u00e7lar\u0131, S\u00fcr\u00fc\u015f \u0130zleme cihazlar\u0131yla donat\u0131lm\u0131\u015f olmal\u0131 ve d\u00fczenli olarak indirilmeli ve s\u00fcr\u00fc\u015f politikam\u0131z\u0131n ihlaline kar\u015f\u0131 disiplin i\u015flemlerine ba\u015fvurulmal\u0131,<\/span><\/li>\n<\/ul>\n<p><span style=\"font-weight: 400;\">Bu politika, belgelenmi\u015f y\u00f6netim taahh\u00fcd\u00fc ve g\u00f6zden ge\u00e7irmesi, denetleme yoluyla desteklenmesi ve t\u00fcm personelin uymas\u0131 ile uygulanacakt\u0131r.<\/span><\/p>\n<p><span style=\"font-weight: 400;\">Azmi Hawik , CEO <\/span><span style=\"font-weight: 400;\">NaftoServ<\/span><\/p>\n<p><span style=\"font-weight: 400;\">07.08.2015<\/span><\/p>\n<p>[\/vc_column_text][\/vc_column][\/vc_row]<\/p>","protected":false},"excerpt":{"rendered":"<p>[vc_row][vc_column][vc_column_text]S\u00fcr\u00fc\u015f Politikas\u0131 Naftoserv, ara\u00e7 kullan\u0131rken \u00f6nlenebilir kazan\u0131n bir sonucu olarak sa\u011fl\u0131\u011fa zarar verme tehdidini kabul eder veya \u015firketin ara\u00e7lar\u0131n\u0131 kullan\u0131r. Naftoserv, ara\u00e7 nakliyesine ba\u011fl\u0131 yaralanmalar\u0131 en aza indirmenin nihai amac\u0131 ile \u00e7al\u0131\u015fanlar\u0131n\u0131n ve \u00fc\u00e7\u00fcnc\u00fc \u015fah\u0131slar\u0131n g\u00fcvenli\u011fini artt\u0131rmay\u0131 taahh\u00fct eder. NaftoServ&#8217;in t\u00fcm \u00e7al\u0131\u015fanlar\u0131 ve m\u00fcteahhitleri ile NaftoServ tesislerine gelen ziyaret\u00e7ilerin, \u015eirket veya s\u00f6zle\u015fmeli ara\u00e7larla her zaman [&hellip;]<\/p>\n","protected":false},"author":1,"featured_media":0,"parent":0,"menu_order":0,"comment_status":"closed","ping_status":"closed","template":"","meta":{"om_disable_all_campaigns":false,"_monsterinsights_skip_tracking":false,"_monsterinsights_sitenote_active":false,"_monsterinsights_sitenote_note":"","_monsterinsights_sitenote_category":0,"footnotes":""},"aioseo_notices":[],"_links":{"self":[{"href":"https:\/\/naftoserv.com\/tr\/wp-json\/wp\/v2\/pages\/2729"}],"collection":[{"href":"https:\/\/naftoserv.com\/tr\/wp-json\/wp\/v2\/pages"}],"about":[{"href":"https:\/\/naftoserv.com\/tr\/wp-json\/wp\/v2\/types\/page"}],"author":[{"embeddable":true,"href":"https:\/\/naftoserv.com\/tr\/wp-json\/wp\/v2\/users\/1"}],"replies":[{"embeddable":true,"href":"https:\/\/naftoserv.com\/tr\/wp-json\/wp\/v2\/comments?post=2729"}],"version-history":[{"count":10,"href":"https:\/\/naftoserv.com\/tr\/wp-json\/wp\/v2\/pages\/2729\/revisions"}],"predecessor-version":[{"id":12725,"href":"https:\/\/naftoserv.com\/tr\/wp-json\/wp\/v2\/pages\/2729\/revisions\/12725"}],"wp:attachment":[{"href":"https:\/\/naftoserv.com\/tr\/wp-json\/wp\/v2\/media?parent=2729"}],"curies":[{"name":"wp","href":"https:\/\/api.w.org\/{rel}","templated":true}]}}