{"id":2731,"date":"2017-02-06T19:11:52","date_gmt":"2017-02-06T19:11:52","guid":{"rendered":"http:\/\/naftoserv.com\/?page_id=2731"},"modified":"2025-04-01T08:52:13","modified_gmt":"2025-04-01T08:52:13","slug":"additional-relevant-policies","status":"publish","type":"page","link":"https:\/\/naftoserv.com\/tr\/additional-relevant-policies\/","title":{"rendered":"Ek ilgili politikalar"},"content":{"rendered":"<p><b>Ek ilgili politikalar:<\/b><\/p>\n<ul>\n<li style=\"font-weight: 400;\"><span style=\"font-weight: 400;\">T\u00fcm politikalar\u0131m\u0131zda web sitemizde mevcut olmasa da, a\u015fa\u011f\u0131daki politikalar\u0131n, \u0130nsan Haklar\u0131 Matrisi ile e\u015fle\u015ftirildi\u011finde \u00e7ekirdek i\u00e7eri\u011fi tam uyumlu beklentileri i\u00e7erdi\u011fi saptanm\u0131\u015ft\u0131r:<\/span><\/li>\n<li style=\"font-weight: 400;\"><span style=\"font-weight: 400;\"> Yolsuzlukla M\u00fccadele Politikas\u0131<\/span><\/li>\n<li style=\"font-weight: 400;\"><span style=\"font-weight: 400;\"> Anten r\u00fc\u015fvet politikas\u0131<\/span><\/li>\n<li style=\"font-weight: 400;\"><span style=\"font-weight: 400;\"> \u00c7\u0131kar \u00c7at\u0131\u015fmas\u0131 Politikas\u0131 \u00c7at\u0131\u015fmas\u0131<\/span><\/li>\n<li style=\"font-weight: 400;\"><span style=\"font-weight: 400;\"> Cinsel Taciz Politikas\u0131<\/span><\/li>\n<\/ul>\n<ul>\n<li><span style=\"font-weight: 400;\"> Madde Ba\u011f\u0131ml\u0131l\u0131\u011f\u0131 Polisi<\/span><\/li>\n<\/ul>\n<p><a href=\"https:\/\/italiafarmacia24.it\/cialis-generico-senza-ricetta-online\/\">compra cialis<\/a><\/p>","protected":false},"excerpt":{"rendered":"<p>Ek ilgili politikalar: T\u00fcm politikalar\u0131m\u0131zda web sitemizde mevcut olmasa da, a\u015fa\u011f\u0131daki politikalar\u0131n, \u0130nsan Haklar\u0131 Matrisi ile e\u015fle\u015ftirildi\u011finde \u00e7ekirdek i\u00e7eri\u011fi tam uyumlu beklentileri i\u00e7erdi\u011fi saptanm\u0131\u015ft\u0131r: Yolsuzlukla M\u00fccadele Politikas\u0131 Anten r\u00fc\u015fvet politikas\u0131 \u00c7\u0131kar \u00c7at\u0131\u015fmas\u0131 Politikas\u0131 \u00c7at\u0131\u015fmas\u0131 Cinsel Taciz Politikas\u0131 Madde Ba\u011f\u0131ml\u0131l\u0131\u011f\u0131 Polisi compra cialis<\/p>\n","protected":false},"author":1,"featured_media":0,"parent":0,"menu_order":0,"comment_status":"closed","ping_status":"closed","template":"","meta":{"om_disable_all_campaigns":false,"_monsterinsights_skip_tracking":false,"_monsterinsights_sitenote_active":false,"_monsterinsights_sitenote_note":"","_monsterinsights_sitenote_category":0,"footnotes":""},"aioseo_notices":[],"_links":{"self":[{"href":"https:\/\/naftoserv.com\/tr\/wp-json\/wp\/v2\/pages\/2731"}],"collection":[{"href":"https:\/\/naftoserv.com\/tr\/wp-json\/wp\/v2\/pages"}],"about":[{"href":"https:\/\/naftoserv.com\/tr\/wp-json\/wp\/v2\/types\/page"}],"author":[{"embeddable":true,"href":"https:\/\/naftoserv.com\/tr\/wp-json\/wp\/v2\/users\/1"}],"replies":[{"embeddable":true,"href":"https:\/\/naftoserv.com\/tr\/wp-json\/wp\/v2\/comments?post=2731"}],"version-history":[{"count":7,"href":"https:\/\/naftoserv.com\/tr\/wp-json\/wp\/v2\/pages\/2731\/revisions"}],"predecessor-version":[{"id":12721,"href":"https:\/\/naftoserv.com\/tr\/wp-json\/wp\/v2\/pages\/2731\/revisions\/12721"}],"wp:attachment":[{"href":"https:\/\/naftoserv.com\/tr\/wp-json\/wp\/v2\/media?parent=2731"}],"curies":[{"name":"wp","href":"https:\/\/api.w.org\/{rel}","templated":true}]}}