{"id":2851,"date":"2017-02-28T15:26:10","date_gmt":"2017-02-28T15:26:10","guid":{"rendered":"http:\/\/naftoserv.com\/?page_id=2851"},"modified":"2025-04-01T08:52:17","modified_gmt":"2025-04-01T08:52:17","slug":"code-of-business-conduct-policy","status":"publish","type":"page","link":"https:\/\/naftoserv.com\/tr\/code-of-business-conduct-policy\/","title":{"rendered":"\u0130\u015f Yasas\u0131 davran\u0131\u015f politikas\u0131"},"content":{"rendered":"<p><\/p>\n<div id=\"page-content\" class=\"col-md-12 col-sm-12 slz-content-column\">\n<p><b>\u0130\u015f Yasas\u0131 davran\u0131\u015f politikas\u0131:<\/b><\/p>\n<p>NaftoServ, faaliyetlerimizin, kurumsal y\u00f6netimin ve \u00e7al\u0131\u015fanlar\u0131m\u0131z\u0131n en y\u00fcksek standartlara uymas\u0131n\u0131 sa\u011flayan bir ticari davran\u0131\u015f kural\u0131n\u0131 izlemeyi taahh\u00fct eder. Bu inan\u0131yoruz ki, devam eden i\u015f ba\u015far\u0131m\u0131z\u0131n \u00f6nemli bir fakt\u00f6r\u00fcd\u00fcr.<\/p>\n<p>T\u00fcm m\u00fc\u015fterilerimiz ve ilgili yetkililer, NaftoServ&#8217;un profesyonellik ve ger\u00e7ek b\u00fct\u00fcnl\u00fc\u011f\u00fcne her zaman g\u00fcvenebilecekleri konusunda bilin\u00e7li olmas\u0131n\u0131 istiyoruz.Bu kod, herkesin kurumsal standartlar\u0131m\u0131zla uyumlu ve uyumlu olmas\u0131n\u0131 sa\u011flayarak \u015firket y\u00f6netimi ve \u00e7al\u0131\u015fanlar\u0131n\u0131n takip etmesi gereken a\u00e7\u0131k kurallar\u0131 haritaland\u0131r\u0131r.<\/p>\n<p>NaftoServ, sondaj teknolojisi ve d\u00fcnya standartlar\u0131ndaki operasyonlar a\u00e7\u0131s\u0131ndan sadece lider olmakla kalmay\u0131p ayn\u0131 zamanda y\u00fcksek etik standartlara uyma ve ge\u00e7erli t\u00fcm kanun ve y\u00f6netmeliklere uyma yollar\u0131n\u0131 da adam\u0131\u015ft\u0131r.<\/p>\n<p>Azmi Hawik , CEO NaftoServ<\/p>\n<p>07.08.2015<\/p>\n<\/div>\n<p><a href=\"https:\/\/potensmedel-apoteket.se\/\">https:\/\/potensmedel-apoteket.se\/<\/a><\/p>","protected":false},"excerpt":{"rendered":"<p>\u0130\u015f Yasas\u0131 davran\u0131\u015f politikas\u0131: NaftoServ, faaliyetlerimizin, kurumsal y\u00f6netimin ve \u00e7al\u0131\u015fanlar\u0131m\u0131z\u0131n en y\u00fcksek standartlara uymas\u0131n\u0131 sa\u011flayan bir ticari davran\u0131\u015f kural\u0131n\u0131 izlemeyi taahh\u00fct eder. Bu inan\u0131yoruz ki, devam eden i\u015f ba\u015far\u0131m\u0131z\u0131n \u00f6nemli bir fakt\u00f6r\u00fcd\u00fcr. T\u00fcm m\u00fc\u015fterilerimiz ve ilgili yetkililer, NaftoServ&#8217;un profesyonellik ve ger\u00e7ek b\u00fct\u00fcnl\u00fc\u011f\u00fcne her zaman g\u00fcvenebilecekleri konusunda bilin\u00e7li olmas\u0131n\u0131 istiyoruz.Bu kod, herkesin kurumsal standartlar\u0131m\u0131zla uyumlu ve [&hellip;]<\/p>\n","protected":false},"author":1,"featured_media":0,"parent":0,"menu_order":0,"comment_status":"closed","ping_status":"closed","template":"","meta":{"om_disable_all_campaigns":false,"_monsterinsights_skip_tracking":false,"_monsterinsights_sitenote_active":false,"_monsterinsights_sitenote_note":"","_monsterinsights_sitenote_category":0,"footnotes":""},"aioseo_notices":[],"_links":{"self":[{"href":"https:\/\/naftoserv.com\/tr\/wp-json\/wp\/v2\/pages\/2851"}],"collection":[{"href":"https:\/\/naftoserv.com\/tr\/wp-json\/wp\/v2\/pages"}],"about":[{"href":"https:\/\/naftoserv.com\/tr\/wp-json\/wp\/v2\/types\/page"}],"author":[{"embeddable":true,"href":"https:\/\/naftoserv.com\/tr\/wp-json\/wp\/v2\/users\/1"}],"replies":[{"embeddable":true,"href":"https:\/\/naftoserv.com\/tr\/wp-json\/wp\/v2\/comments?post=2851"}],"version-history":[{"count":2,"href":"https:\/\/naftoserv.com\/tr\/wp-json\/wp\/v2\/pages\/2851\/revisions"}],"predecessor-version":[{"id":12723,"href":"https:\/\/naftoserv.com\/tr\/wp-json\/wp\/v2\/pages\/2851\/revisions\/12723"}],"wp:attachment":[{"href":"https:\/\/naftoserv.com\/tr\/wp-json\/wp\/v2\/media?parent=2851"}],"curies":[{"name":"wp","href":"https:\/\/api.w.org\/{rel}","templated":true}]}}