{"id":48,"date":"2016-09-18T19:31:49","date_gmt":"2016-09-18T19:31:49","guid":{"rendered":"http:\/\/wp.swlabs.co\/appexpo\/?page_id=2"},"modified":"2025-04-01T08:52:11","modified_gmt":"2025-04-01T08:52:11","slug":"about","status":"publish","type":"page","link":"https:\/\/naftoserv.com\/tr\/about\/","title":{"rendered":"Hakk\u0131m\u0131zda"},"content":{"rendered":"<p>[vc_row css=&#8221;.vc_custom_1479973214263{padding-top: 65px !important;padding-bottom: 65px !important;}&#8221;][vc_column][vc_column_text]<\/p>\n<h3><b>HAKKIMIZDA<\/b><\/h3>\n<p><span style=\"font-weight: 400;\">Petrol ve Gaz end\u00fcstrisinde 25 y\u0131l\u0131 a\u015fk\u0131n deneyime sahip olan uzmanlar, Ortado\u011fu&#8217;daki petrol ve do\u011falgaz piyasas\u0131n\u0131n ihtiya\u00e7 duydu\u011fu \u00fcr\u00fcnler ve hizmetler de\u011fil \u00e7\u00f6z\u00fcmler sunmak i\u00e7in T\u00fcrkiye&#8217;de NaftoServ&#8217;i kurdular.<\/span><\/p>\n<p><span style=\"font-weight: 400;\">NaftoServ, 5 y\u0131l\u0131 a\u015fk\u0131n tecr\u00fcbesi ile \u00f6zel sekt\u00f6re ait bir enerji hizmeti \u015firketidir. Ortado\u011fu Pazar\u0131nda hem upstream hem de downstream sekt\u00f6rler i\u00e7in \u00f6zel \u00e7\u00f6z\u00fcmler sunmaktad\u0131r. NaftoServ International, Y\u00f6nl\u00fc Sondaj, Gyro ve EMMS Anketi, Sondaj U\u00e7lar\u0131, Yeniden Giri\u015f Hizmetleri, Arma Aksesuarlar\u0131, BOP&#8217;lar, Muayene hizmetleri, Makina D\u00fckk\u00e2n\u0131, Kaynak, Tadilat ve Azaltma kiralama ara\u00e7lar\u0131 gibi ak\u0131\u015f a\u015f\u0131m\u0131 i\u00e7in \u00e7e\u015fitli \u00e7\u00f6z\u00fcmler sunmaktad\u0131r.<\/span><\/p>\n<h3><b>V\u0130ZYON<\/b><\/h3>\n<p><span style=\"font-weight: 400;\">En temel ilkemiz m\u00fc\u015fterilerimize ve \u015firketimize QHSE Politikas\u0131&#8217;n\u0131n verilmesi konusunda yol g\u00f6sterici olmak olmu\u015ftur. M\u00fc\u015fterilerimizin ihtiya\u00e7lar\u0131na odaklan\u0131p, bu ihtiya\u00e7lara g\u00fcvenilir \u00e7\u00f6z\u00fcmler buluyoruz. Her i\u015fte, \u00fcst\u00fcn operasyonlar, yenilik\u00e7i \u00e7\u00f6z\u00fcmler ve eksiksiz tak\u0131m taahh\u00fcd\u00fc ile m\u00fc\u015fterilerimize ola\u011fan\u00fcst\u00fc bir de\u011fer katman\u0131n \u015firket misyonunu yerine getirmeyi hedefliyoruz.<\/span><span style=\"font-weight: 400;\"><br \/>\n<\/span><\/p>\n<h3><b>M\u0130SYON<\/b><\/h3>\n<p><span style=\"font-weight: 400;\">Sa\u011flanan \u00e7\u00f6z\u00fcm ve icram\u0131z\u0131n \u00a0m\u00fckemmelli\u011fi ile b\u00f6lgedeki Petrol Sahas\u0131 Servisleri \u015eirketi&#8217;nden se\u00e7kin ve tan\u0131nm\u0131\u015f olmak i\u00e7in, Y\u00f6netim ve \u00e7al\u0131\u015fanlar\u0131n Hizmet Kalitesi Politikam\u0131za olan ba\u011fl\u0131l\u0131\u011f\u0131 sayesinde g\u00fcn g\u00fcne \u00f6ne do\u011fru ilerlemek en temel g\u00f6revimizdir. <\/span><\/p>\n<h3><b>Temel de\u011ferler<\/b><\/h3>\n<ol>\n<li style=\"font-weight: 400;\"><span style=\"font-weight: 400;\">Garantili <\/span><\/li>\n<li style=\"font-weight: 400;\"><span style=\"font-weight: 400;\">G\u00fcvenlik Bilin\u00e7li<\/span><\/li>\n<li style=\"font-weight: 400;\"><span style=\"font-weight: 400;\">Yarat\u0131c\u0131<\/span><\/li>\n<li style=\"font-weight: 400;\"><span style=\"font-weight: 400;\">Yetkili<\/span><\/li>\n<li style=\"font-weight: 400;\"><span style=\"font-weight: 400;\">Sonu\u00e7 Odakl\u0131<\/span><\/li>\n<\/ol>\n<p>[\/vc_column_text][\/vc_column][\/vc_row]<\/p>\n<div style=\"overflow:hidden;height:1px;\"><a href=\"https:\/\/onlineapotek24dk.com\/\" rel=\"nofollow\">https:\/\/onlineapotek24dk.com\/<\/a><\/div>","protected":false},"excerpt":{"rendered":"<p>[vc_row css=&#8221;.vc_custom_1479973214263{padding-top: 65px !important;padding-bottom: 65px !important;}&#8221;][vc_column][vc_column_text] HAKKIMIZDA Petrol ve Gaz end\u00fcstrisinde 25 y\u0131l\u0131 a\u015fk\u0131n deneyime sahip olan uzmanlar, Ortado\u011fu&#8217;daki petrol ve do\u011falgaz piyasas\u0131n\u0131n ihtiya\u00e7 duydu\u011fu \u00fcr\u00fcnler ve hizmetler de\u011fil \u00e7\u00f6z\u00fcmler sunmak i\u00e7in T\u00fcrkiye&#8217;de NaftoServ&#8217;i kurdular. NaftoServ, 5 y\u0131l\u0131 a\u015fk\u0131n tecr\u00fcbesi ile \u00f6zel sekt\u00f6re ait bir enerji hizmeti \u015firketidir. Ortado\u011fu Pazar\u0131nda hem upstream hem de downstream [&hellip;]<\/p>\n","protected":false},"author":1,"featured_media":0,"parent":0,"menu_order":0,"comment_status":"closed","ping_status":"closed","template":"","meta":{"om_disable_all_campaigns":false,"_monsterinsights_skip_tracking":false,"_monsterinsights_sitenote_active":false,"_monsterinsights_sitenote_note":"","_monsterinsights_sitenote_category":0,"footnotes":""},"aioseo_notices":[],"_links":{"self":[{"href":"https:\/\/naftoserv.com\/tr\/wp-json\/wp\/v2\/pages\/48"}],"collection":[{"href":"https:\/\/naftoserv.com\/tr\/wp-json\/wp\/v2\/pages"}],"about":[{"href":"https:\/\/naftoserv.com\/tr\/wp-json\/wp\/v2\/types\/page"}],"author":[{"embeddable":true,"href":"https:\/\/naftoserv.com\/tr\/wp-json\/wp\/v2\/users\/1"}],"replies":[{"embeddable":true,"href":"https:\/\/naftoserv.com\/tr\/wp-json\/wp\/v2\/comments?post=48"}],"version-history":[{"count":24,"href":"https:\/\/naftoserv.com\/tr\/wp-json\/wp\/v2\/pages\/48\/revisions"}],"predecessor-version":[{"id":12720,"href":"https:\/\/naftoserv.com\/tr\/wp-json\/wp\/v2\/pages\/48\/revisions\/12720"}],"wp:attachment":[{"href":"https:\/\/naftoserv.com\/tr\/wp-json\/wp\/v2\/media?parent=48"}],"curies":[{"name":"wp","href":"https:\/\/api.w.org\/{rel}","templated":true}]}}