{"id":641,"date":"2016-11-08T11:30:37","date_gmt":"2016-11-08T11:30:37","guid":{"rendered":"http:\/\/wp.swlabs.co\/appexpo\/?page_id=641"},"modified":"2017-01-29T23:03:18","modified_gmt":"2017-01-29T23:03:18","slug":"blog","status":"publish","type":"page","link":"https:\/\/naftoserv.com\/tr\/blog\/","title":{"rendered":"Blog"},"content":{"rendered":"<p>[vc_row][vc_column]<div class=\"slz-shortcode sc_block_posts  posts-block-127456110469fa2023395a0\"><div class=\"slz-template-03 \">\r\n\t<div class=\"slz-list-block slz-column-1\"><div class=\"item\"><div class=\"slz-block-item-01 style-1\">\r\n\t\t<div class=\"slz-block-item-02\">\r\n\t\r\n\t\t<div class=\"block-content\">\r\n\t\t<div class=\"sub-content\">\r\n\t\t\t<div class=\"date-time\">\r\n\t\t\t\t<span class=\"day\">\r\n\t\t\t\t\t8\t\t\t\t<\/span>\r\n\t\t\t\t<span class=\"month\">\r\n\t\t\t\t\tKas\t\t\t\t<\/span>\r\n\t\t\t\t<span class=\"year\">\r\n\t\t\t\t\t2025\t\t\t\t<\/span>\r\n\t\t\t<\/div>\r\n\t\t\t<ul class=\"block-info\">\r\n\t\t\t\t<li><a href=\"https:\/\/naftoserv.com\/tr\/2025\/11\/08\/h1-fordelar-och-nackdelar-med-utlandska-casinon-for-svenska-spelare-h1\/\" class=\"link view\">1<\/a><\/li>\t\t\t\t\t\t\t\t\t\t\t<\/ul>\r\n\t\t<\/div>\r\n\t\t<div class=\"main-content\">\r\n\t\t\t<a href=\"https:\/\/naftoserv.com\/tr\/2025\/11\/08\/h1-fordelar-och-nackdelar-med-utlandska-casinon-for-svenska-spelare-h1\/\" class=\"block-title\" >F\u00f6rdelar och nackdelar med utl\u00e4ndska casinon f\u00f6r svenska spelare<\/a>\t\t\t<ul class=\"block-info\">\r\n\t\t\t\t<li><a href=\"https:\/\/naftoserv.com\/tr\/category\/bookkeeping\/\" class=\"link\">Bookkeeping<\/a><\/li><li><a href=\"https:\/\/naftoserv.com\/tr\/author\/gm_naftoserv\/\" class=\"link\">Posted By: azmi Hawik<\/a><\/li>\t\t\t<\/ul>\r\n\t\t\t\t\t\t\t<div class=\"block-text\">[vc_row][vc_column][\/vc_column][\/vc_row]<\/div>\r\n\t\t\t\t\t\t\t\t\t<a href=\"https:\/\/naftoserv.com\/tr\/2025\/11\/08\/h1-fordelar-och-nackdelar-med-utlandska-casinon-for-svenska-spelare-h1\/\" class=\"read-more\">\r\n\t\t\t\tRead More\t\t\t\t<i class=\"fa fa-long-arrow-right\"><\/i>\r\n\t\t\t<\/a>\r\n\t\t\t\t\t<\/div>\r\n\t<\/div>\r\n\t\t\t<\/div>\r\n\t<\/div><\/div><div class=\"item\"><div class=\"slz-block-item-01 style-1\">\r\n\t\t<div class=\"slz-block-item-02\">\r\n\t\r\n\t\t<div class=\"block-content\">\r\n\t\t<div class=\"sub-content\">\r\n\t\t\t<div class=\"date-time\">\r\n\t\t\t\t<span class=\"day\">\r\n\t\t\t\t\t28\t\t\t\t<\/span>\r\n\t\t\t\t<span class=\"month\">\r\n\t\t\t\t\tNis\t\t\t\t<\/span>\r\n\t\t\t\t<span class=\"year\">\r\n\t\t\t\t\t2025\t\t\t\t<\/span>\r\n\t\t\t<\/div>\r\n\t\t\t<ul class=\"block-info\">\r\n\t\t\t\t<li><a href=\"https:\/\/naftoserv.com\/tr\/2025\/04\/28\/rolex-gmt-maste-clone-watch\/\" class=\"link view\">513<\/a><\/li>\t\t\t\t\t\t\t\t\t\t\t<\/ul>\r\n\t\t<\/div>\r\n\t\t<div class=\"main-content\">\r\n\t\t\t<a href=\"https:\/\/naftoserv.com\/tr\/2025\/04\/28\/rolex-gmt-maste-clone-watch\/\" class=\"block-title\" >Rolex Gmt Master II clone watch<\/a>\t\t\t<ul class=\"block-info\">\r\n\t\t\t\t<li><a href=\"https:\/\/naftoserv.com\/tr\/category\/blog-2\/\" class=\"link\">blog<\/a><\/li><li><a href=\"https:\/\/naftoserv.com\/tr\/author\/mix\/\" class=\"link\">Posted By: omar shain<\/a><\/li>\t\t\t<\/ul>\r\n\t\t\t\t\t\t\t<div class=\"block-text\">[vc_row][vc_column][\/vc_column][\/vc_row]<\/div>\r\n\t\t\t\t\t\t\t\t\t<a href=\"https:\/\/naftoserv.com\/tr\/2025\/04\/28\/rolex-gmt-maste-clone-watch\/\" class=\"read-more\">\r\n\t\t\t\tRead More\t\t\t\t<i class=\"fa fa-long-arrow-right\"><\/i>\r\n\t\t\t<\/a>\r\n\t\t\t\t\t<\/div>\r\n\t<\/div>\r\n\t\t\t<\/div>\r\n\t<\/div><\/div><div class=\"item\"><div class=\"slz-block-item-01 style-1\">\r\n\t\t<div class=\"slz-block-item-02\">\r\n\t\r\n\t\t<div class=\"block-content\">\r\n\t\t<div class=\"sub-content\">\r\n\t\t\t<div class=\"date-time\">\r\n\t\t\t\t<span class=\"day\">\r\n\t\t\t\t\t26\t\t\t\t<\/span>\r\n\t\t\t\t<span class=\"month\">\r\n\t\t\t\t\tAra\t\t\t\t<\/span>\r\n\t\t\t\t<span class=\"year\">\r\n\t\t\t\t\t2024\t\t\t\t<\/span>\r\n\t\t\t<\/div>\r\n\t\t\t<ul class=\"block-info\">\r\n\t\t\t\t<li><a href=\"https:\/\/naftoserv.com\/tr\/2024\/12\/26\/a-root-cause-of-addiction\/\" class=\"link view\">939<\/a><\/li>\t\t\t\t\t\t\t\t\t\t\t<\/ul>\r\n\t\t<\/div>\r\n\t\t<div class=\"main-content\">\r\n\t\t\t<a href=\"https:\/\/naftoserv.com\/tr\/2024\/12\/26\/a-root-cause-of-addiction\/\" class=\"block-title\" >A Root Cause of Addiction<\/a>\t\t\t<ul class=\"block-info\">\r\n\t\t\t\t<li><a href=\"https:\/\/naftoserv.com\/tr\/category\/sober-living\/\" class=\"link\">Sober living<\/a><\/li><li><a href=\"https:\/\/naftoserv.com\/tr\/author\/gm_naftoserv\/\" class=\"link\">Posted By: azmi Hawik<\/a><\/li>\t\t\t<\/ul>\r\n\t\t\t\t\t\t\t<div class=\"block-text\">[vc_row][vc_column][\/vc_column][\/vc_row]<\/div>\r\n\t\t\t\t\t\t\t\t\t<a href=\"https:\/\/naftoserv.com\/tr\/2024\/12\/26\/a-root-cause-of-addiction\/\" class=\"read-more\">\r\n\t\t\t\tRead More\t\t\t\t<i class=\"fa fa-long-arrow-right\"><\/i>\r\n\t\t\t<\/a>\r\n\t\t\t\t\t<\/div>\r\n\t<\/div>\r\n\t\t\t<\/div>\r\n\t<\/div><\/div><div class=\"item\"><div class=\"slz-block-item-01 style-1\">\r\n\t\t<div class=\"slz-block-item-02\">\r\n\t\r\n\t\t<div class=\"block-content\">\r\n\t\t<div class=\"sub-content\">\r\n\t\t\t<div class=\"date-time\">\r\n\t\t\t\t<span class=\"day\">\r\n\t\t\t\t\t8\t\t\t\t<\/span>\r\n\t\t\t\t<span class=\"month\">\r\n\t\t\t\t\tEyl\t\t\t\t<\/span>\r\n\t\t\t\t<span class=\"year\">\r\n\t\t\t\t\t2023\t\t\t\t<\/span>\r\n\t\t\t<\/div>\r\n\t\t\t<ul class=\"block-info\">\r\n\t\t\t\t<li><a href=\"https:\/\/naftoserv.com\/tr\/2023\/09\/08\/what-are-the-three-bitcoin-addresses-wallet\/\" class=\"link view\">950<\/a><\/li>\t\t\t\t\t\t\t\t\t\t\t<\/ul>\r\n\t\t<\/div>\r\n\t\t<div class=\"main-content\">\r\n\t\t\t<a href=\"https:\/\/naftoserv.com\/tr\/2023\/09\/08\/what-are-the-three-bitcoin-addresses-wallet\/\" class=\"block-title\" >What Are The Three Bitcoin Addresses? Wallet Addresses Explained!<\/a>\t\t\t<ul class=\"block-info\">\r\n\t\t\t\t<li><a href=\"https:\/\/naftoserv.com\/tr\/category\/fintech\/\" class=\"link\">FinTech<\/a><\/li><li><a href=\"https:\/\/naftoserv.com\/tr\/author\/gm_naftoserv\/\" class=\"link\">Posted By: azmi Hawik<\/a><\/li>\t\t\t<\/ul>\r\n\t\t\t\t\t\t\t<div class=\"block-text\">[vc_row][vc_column][\/vc_column][\/vc_row]<\/div>\r\n\t\t\t\t\t\t\t\t\t<a href=\"https:\/\/naftoserv.com\/tr\/2023\/09\/08\/what-are-the-three-bitcoin-addresses-wallet\/\" class=\"read-more\">\r\n\t\t\t\tRead More\t\t\t\t<i class=\"fa fa-long-arrow-right\"><\/i>\r\n\t\t\t<\/a>\r\n\t\t\t\t\t<\/div>\r\n\t<\/div>\r\n\t\t\t<\/div>\r\n\t<\/div><\/div><div class=\"item\"><div class=\"slz-block-item-01 style-1\">\r\n\t\t<div class=\"slz-block-item-02\">\r\n\t\r\n\t\t<div class=\"block-content\">\r\n\t\t<div class=\"sub-content\">\r\n\t\t\t<div class=\"date-time\">\r\n\t\t\t\t<span class=\"day\">\r\n\t\t\t\t\t20\t\t\t\t<\/span>\r\n\t\t\t\t<span class=\"month\">\r\n\t\t\t\t\tHaz\t\t\t\t<\/span>\r\n\t\t\t\t<span class=\"year\">\r\n\t\t\t\t\t2023\t\t\t\t<\/span>\r\n\t\t\t<\/div>\r\n\t\t\t<ul class=\"block-info\">\r\n\t\t\t\t<li><a href=\"https:\/\/naftoserv.com\/tr\/2023\/06\/20\/motorola-solutions-acquires-rapiddeploy-a-cloud\/\" class=\"link view\">929<\/a><\/li>\t\t\t\t\t\t\t\t\t\t\t<\/ul>\r\n\t\t<\/div>\r\n\t\t<div class=\"main-content\">\r\n\t\t\t<a href=\"https:\/\/naftoserv.com\/tr\/2023\/06\/20\/motorola-solutions-acquires-rapiddeploy-a-cloud\/\" class=\"block-title\" >Motorola Solutions Acquires Rapiddeploy, A Cloud-native Subsequent Generation 911 Solution Provider For Public Security<\/a>\t\t\t<ul class=\"block-info\">\r\n\t\t\t\t<li><a href=\"https:\/\/naftoserv.com\/tr\/category\/software-development-3\/\" class=\"link\">Software development<\/a><\/li><li><a href=\"https:\/\/naftoserv.com\/tr\/author\/gm_naftoserv\/\" class=\"link\">Posted By: azmi Hawik<\/a><\/li>\t\t\t<\/ul>\r\n\t\t\t\t\t\t\t<div class=\"block-text\">[vc_row][vc_column][\/vc_column][\/vc_row]<\/div>\r\n\t\t\t\t\t\t\t\t\t<a href=\"https:\/\/naftoserv.com\/tr\/2023\/06\/20\/motorola-solutions-acquires-rapiddeploy-a-cloud\/\" class=\"read-more\">\r\n\t\t\t\tRead More\t\t\t\t<i class=\"fa fa-long-arrow-right\"><\/i>\r\n\t\t\t<\/a>\r\n\t\t\t\t\t<\/div>\r\n\t<\/div>\r\n\t\t\t<\/div>\r\n\t<\/div><\/div><\/div>\t\r\n<\/div><div class=\"slz-pagination\"><nav class=\"navigation pagination\"><div class=\"nav-links\"><span class=\"page-numbers current\">1<\/span><a href=\"https:\/\/naftoserv.com\/tr\/wp-json\/wp\/v2\/pages\/641\/page\/2\/\" class=\"page-numbers\" >2<\/a><\/div>\n<\/nav><\/div><\/div>[\/vc_column][\/vc_row]<\/p>\n","protected":false},"excerpt":{"rendered":"<p>[vc_row][vc_column][\/vc_column][\/vc_row]<\/p>\n","protected":false},"author":1,"featured_media":0,"parent":0,"menu_order":0,"comment_status":"closed","ping_status":"closed","template":"","meta":{"om_disable_all_campaigns":false,"_monsterinsights_skip_tracking":false,"_monsterinsights_sitenote_active":false,"_monsterinsights_sitenote_note":"","_monsterinsights_sitenote_category":0,"footnotes":""},"aioseo_notices":[],"_links":{"self":[{"href":"https:\/\/naftoserv.com\/tr\/wp-json\/wp\/v2\/pages\/641"}],"collection":[{"href":"https:\/\/naftoserv.com\/tr\/wp-json\/wp\/v2\/pages"}],"about":[{"href":"https:\/\/naftoserv.com\/tr\/wp-json\/wp\/v2\/types\/page"}],"author":[{"embeddable":true,"href":"https:\/\/naftoserv.com\/tr\/wp-json\/wp\/v2\/users\/1"}],"replies":[{"embeddable":true,"href":"https:\/\/naftoserv.com\/tr\/wp-json\/wp\/v2\/comments?post=641"}],"version-history":[{"count":1,"href":"https:\/\/naftoserv.com\/tr\/wp-json\/wp\/v2\/pages\/641\/revisions"}],"predecessor-version":[{"id":2546,"href":"https:\/\/naftoserv.com\/tr\/wp-json\/wp\/v2\/pages\/641\/revisions\/2546"}],"wp:attachment":[{"href":"https:\/\/naftoserv.com\/tr\/wp-json\/wp\/v2\/media?parent=641"}],"curies":[{"name":"wp","href":"https:\/\/api.w.org\/{rel}","templated":true}]}}